{"id":62,"date":"2026-03-04T09:45:27","date_gmt":"2026-03-04T09:45:27","guid":{"rendered":"https:\/\/kingmakercasino.info\/pl\/?page_id=62"},"modified":"2026-03-04T09:45:28","modified_gmt":"2026-03-04T09:45:28","slug":"automaty","status":"publish","type":"page","link":"https:\/\/kingmakercasino.info\/pl\/automaty\/","title":{"rendered":"Automaty Kingmaker Casino"},"content":{"rendered":"","protected":false},"excerpt":{"rendered":"","protected":false},"author":1,"featured_media":63,"parent":0,"menu_order":0,"comment_status":"closed","ping_status":"closed","template":"","meta":{"_acf_changed":false,"footnotes":""},"acf":[],"yoast_head":"<!-- This site is optimized with the Yoast SEO plugin v22.0 - https:\/\/yoast.com\/wordpress\/plugins\/seo\/ -->\n<title>Automaty Kingmaker Casino \u2013 Graj w sloty Kingmaker i odbieraj darmowe spiny<\/title>\n<meta name=\"description\" content=\"Odkryj ogromn\u0105 kolekcj\u0119 automat\u00f3w Kingmaker Casino, obejmuj\u0105c\u0105 klasyczne, wideo oraz progresywne gry z jackpotem. Korzystaj z darmowych slot\u00f3w Kingmaker Casino, trybu demo i unikalnych bonus\u00f3w. Zakre\u0107 b\u0119bnami i wygrywaj ju\u017c dzi\u015b!\" \/>\n<meta name=\"robots\" content=\"index, follow, max-snippet:-1, max-image-preview:large, max-video-preview:-1\" \/>\n<link rel=\"canonical\" href=\"https:\/\/kingmakercasino.info\/pl\/automaty\/\" \/>\n<meta property=\"og:locale\" content=\"pl_PL\" \/>\n<meta property=\"og:type\" content=\"article\" \/>\n<meta property=\"og:title\" content=\"Automaty Kingmaker Casino \u2013 Graj w sloty Kingmaker i odbieraj darmowe spiny\" \/>\n<meta property=\"og:description\" content=\"Odkryj ogromn\u0105 kolekcj\u0119 automat\u00f3w Kingmaker Casino, obejmuj\u0105c\u0105 klasyczne, wideo oraz progresywne gry z jackpotem. Korzystaj z darmowych slot\u00f3w Kingmaker Casino, trybu demo i unikalnych bonus\u00f3w. Zakre\u0107 b\u0119bnami i wygrywaj ju\u017c dzi\u015b!\" \/>\n<meta property=\"og:url\" content=\"https:\/\/kingmakercasino.info\/pl\/automaty\/\" \/>\n<meta property=\"og:site_name\" content=\"Kingmaker Casino\" \/>\n<meta property=\"article:modified_time\" content=\"2026-03-04T09:45:28+00:00\" \/>\n<meta property=\"og:image\" content=\"https:\/\/kingmakercasino.info\/pl\/wp-content\/uploads\/sites\/3\/2026\/03\/pl-kingmaker-slots-featured.webp\" \/>\n\t<meta property=\"og:image:width\" content=\"300\" \/>\n\t<meta property=\"og:image:height\" content=\"300\" \/>\n\t<meta property=\"og:image:type\" content=\"image\/webp\" \/>\n<meta name=\"twitter:card\" content=\"summary_large_image\" \/>\n<meta name=\"twitter:label1\" content=\"Szacowany czas czytania\" \/>\n\t<meta name=\"twitter:data1\" content=\"1 minuta\" \/>\n<script type=\"application\/ld+json\" class=\"yoast-schema-graph\">{\"@context\":\"https:\/\/schema.org\",\"@graph\":[{\"@type\":\"WebPage\",\"@id\":\"https:\/\/kingmakercasino.info\/pl\/automaty\/\",\"url\":\"https:\/\/kingmakercasino.info\/pl\/automaty\/\",\"name\":\"Automaty Kingmaker Casino \u2013 Graj w sloty Kingmaker i odbieraj darmowe spiny\",\"isPartOf\":{\"@id\":\"https:\/\/kingmakercasino.info\/pl\/#website\"},\"datePublished\":\"2026-03-04T09:45:27+00:00\",\"dateModified\":\"2026-03-04T09:45:28+00:00\",\"description\":\"Odkryj ogromn\u0105 kolekcj\u0119 automat\u00f3w Kingmaker Casino, obejmuj\u0105c\u0105 klasyczne, wideo oraz progresywne gry z jackpotem. Korzystaj z darmowych slot\u00f3w Kingmaker Casino, trybu demo i unikalnych bonus\u00f3w. Zakre\u0107 b\u0119bnami i wygrywaj ju\u017c dzi\u015b!\",\"breadcrumb\":{\"@id\":\"https:\/\/kingmakercasino.info\/pl\/automaty\/#breadcrumb\"},\"inLanguage\":\"pl-PL\",\"potentialAction\":[{\"@type\":\"ReadAction\",\"target\":[\"https:\/\/kingmakercasino.info\/pl\/automaty\/\"]}]},{\"@type\":\"BreadcrumbList\",\"@id\":\"https:\/\/kingmakercasino.info\/pl\/automaty\/#breadcrumb\",\"itemListElement\":[{\"@type\":\"ListItem\",\"position\":1,\"name\":\"Home\",\"item\":\"https:\/\/kingmakercasino.info\/pl\/\"},{\"@type\":\"ListItem\",\"position\":2,\"name\":\"Automaty Kingmaker Casino\"}]},{\"@type\":\"WebSite\",\"@id\":\"https:\/\/kingmakercasino.info\/pl\/#website\",\"url\":\"https:\/\/kingmakercasino.info\/pl\/\",\"name\":\"Kingmaker Casino\",\"description\":\"\",\"potentialAction\":[{\"@type\":\"SearchAction\",\"target\":{\"@type\":\"EntryPoint\",\"urlTemplate\":\"https:\/\/kingmakercasino.info\/pl\/?s={search_term_string}\"},\"query-input\":\"required name=search_term_string\"}],\"inLanguage\":\"pl-PL\"}]}<\/script>\n<!-- \/ Yoast SEO plugin. -->","yoast_head_json":{"title":"Automaty Kingmaker Casino \u2013 Graj w sloty Kingmaker i odbieraj darmowe spiny","description":"Odkryj ogromn\u0105 kolekcj\u0119 automat\u00f3w Kingmaker Casino, obejmuj\u0105c\u0105 klasyczne, wideo oraz progresywne gry z jackpotem. Korzystaj z darmowych slot\u00f3w Kingmaker Casino, trybu demo i unikalnych bonus\u00f3w. Zakre\u0107 b\u0119bnami i wygrywaj ju\u017c dzi\u015b!","robots":{"index":"index","follow":"follow","max-snippet":"max-snippet:-1","max-image-preview":"max-image-preview:large","max-video-preview":"max-video-preview:-1"},"canonical":"https:\/\/kingmakercasino.info\/pl\/automaty\/","og_locale":"pl_PL","og_type":"article","og_title":"Automaty Kingmaker Casino \u2013 Graj w sloty Kingmaker i odbieraj darmowe spiny","og_description":"Odkryj ogromn\u0105 kolekcj\u0119 automat\u00f3w Kingmaker Casino, obejmuj\u0105c\u0105 klasyczne, wideo oraz progresywne gry z jackpotem. Korzystaj z darmowych slot\u00f3w Kingmaker Casino, trybu demo i unikalnych bonus\u00f3w. Zakre\u0107 b\u0119bnami i wygrywaj ju\u017c dzi\u015b!","og_url":"https:\/\/kingmakercasino.info\/pl\/automaty\/","og_site_name":"Kingmaker Casino","article_modified_time":"2026-03-04T09:45:28+00:00","og_image":[{"width":300,"height":300,"url":"https:\/\/kingmakercasino.info\/pl\/wp-content\/uploads\/sites\/3\/2026\/03\/pl-kingmaker-slots-featured.webp","type":"image\/webp"}],"twitter_card":"summary_large_image","twitter_misc":{"Szacowany czas czytania":"1 minuta"},"schema":{"@context":"https:\/\/schema.org","@graph":[{"@type":"WebPage","@id":"https:\/\/kingmakercasino.info\/pl\/automaty\/","url":"https:\/\/kingmakercasino.info\/pl\/automaty\/","name":"Automaty Kingmaker Casino \u2013 Graj w sloty Kingmaker i odbieraj darmowe spiny","isPartOf":{"@id":"https:\/\/kingmakercasino.info\/pl\/#website"},"datePublished":"2026-03-04T09:45:27+00:00","dateModified":"2026-03-04T09:45:28+00:00","description":"Odkryj ogromn\u0105 kolekcj\u0119 automat\u00f3w Kingmaker Casino, obejmuj\u0105c\u0105 klasyczne, wideo oraz progresywne gry z jackpotem. Korzystaj z darmowych slot\u00f3w Kingmaker Casino, trybu demo i unikalnych bonus\u00f3w. Zakre\u0107 b\u0119bnami i wygrywaj ju\u017c dzi\u015b!","breadcrumb":{"@id":"https:\/\/kingmakercasino.info\/pl\/automaty\/#breadcrumb"},"inLanguage":"pl-PL","potentialAction":[{"@type":"ReadAction","target":["https:\/\/kingmakercasino.info\/pl\/automaty\/"]}]},{"@type":"BreadcrumbList","@id":"https:\/\/kingmakercasino.info\/pl\/automaty\/#breadcrumb","itemListElement":[{"@type":"ListItem","position":1,"name":"Home","item":"https:\/\/kingmakercasino.info\/pl\/"},{"@type":"ListItem","position":2,"name":"Automaty Kingmaker Casino"}]},{"@type":"WebSite","@id":"https:\/\/kingmakercasino.info\/pl\/#website","url":"https:\/\/kingmakercasino.info\/pl\/","name":"Kingmaker Casino","description":"","potentialAction":[{"@type":"SearchAction","target":{"@type":"EntryPoint","urlTemplate":"https:\/\/kingmakercasino.info\/pl\/?s={search_term_string}"},"query-input":"required name=search_term_string"}],"inLanguage":"pl-PL"}]}},"_links":{"self":[{"href":"https:\/\/kingmakercasino.info\/pl\/wp-json\/wp\/v2\/pages\/62"}],"collection":[{"href":"https:\/\/kingmakercasino.info\/pl\/wp-json\/wp\/v2\/pages"}],"about":[{"href":"https:\/\/kingmakercasino.info\/pl\/wp-json\/wp\/v2\/types\/page"}],"author":[{"embeddable":true,"href":"https:\/\/kingmakercasino.info\/pl\/wp-json\/wp\/v2\/users\/1"}],"replies":[{"embeddable":true,"href":"https:\/\/kingmakercasino.info\/pl\/wp-json\/wp\/v2\/comments?post=62"}],"version-history":[{"count":2,"href":"https:\/\/kingmakercasino.info\/pl\/wp-json\/wp\/v2\/pages\/62\/revisions"}],"predecessor-version":[{"id":65,"href":"https:\/\/kingmakercasino.info\/pl\/wp-json\/wp\/v2\/pages\/62\/revisions\/65"}],"wp:featuredmedia":[{"embeddable":true,"href":"https:\/\/kingmakercasino.info\/pl\/wp-json\/wp\/v2\/media\/63"}],"wp:attachment":[{"href":"https:\/\/kingmakercasino.info\/pl\/wp-json\/wp\/v2\/media?parent=62"}],"curies":[{"name":"wp","href":"https:\/\/api.w.org\/{rel}","templated":true}]}}