{"id":56,"date":"2026-03-04T09:52:16","date_gmt":"2026-03-04T09:52:16","guid":{"rendered":"https:\/\/kingmakercasino.info\/pl\/?page_id=56"},"modified":"2026-03-04T09:52:16","modified_gmt":"2026-03-04T09:52:16","slug":"kody-promocyjne","status":"publish","type":"page","link":"https:\/\/kingmakercasino.info\/pl\/bonusy\/kody-promocyjne\/","title":{"rendered":"Kody promocyjne Kingmaker Casino"},"content":{"rendered":"","protected":false},"excerpt":{"rendered":"","protected":false},"author":1,"featured_media":66,"parent":21,"menu_order":0,"comment_status":"closed","ping_status":"closed","template":"","meta":{"_acf_changed":false,"footnotes":""},"acf":[],"yoast_head":"<!-- This site is optimized with the Yoast SEO plugin v22.0 - https:\/\/yoast.com\/wordpress\/plugins\/seo\/ -->\n<title>Kody promocyjne Kingmaker Casino | Najlepsze oferty i promocje<\/title>\n<meta name=\"description\" content=\"Odkryj najlepsze kody promocyjne Kingmaker Casino i odblokuj atrakcyjne bonusy, darmowe spiny oraz wiele wi\u0119cej. Zwi\u0119ksz swoje nagrody dzi\u0119ki najnowszym ofertom ju\u017c dzi\u015b!\" \/>\n<meta name=\"robots\" content=\"index, follow, max-snippet:-1, max-image-preview:large, max-video-preview:-1\" \/>\n<link rel=\"canonical\" href=\"https:\/\/kingmakercasino.info\/pl\/bonusy\/kody-promocyjne\/\" \/>\n<meta property=\"og:locale\" content=\"pl_PL\" \/>\n<meta property=\"og:type\" content=\"article\" \/>\n<meta property=\"og:title\" content=\"Kody promocyjne Kingmaker Casino | Najlepsze oferty i promocje\" \/>\n<meta property=\"og:description\" content=\"Odkryj najlepsze kody promocyjne Kingmaker Casino i odblokuj atrakcyjne bonusy, darmowe spiny oraz wiele wi\u0119cej. Zwi\u0119ksz swoje nagrody dzi\u0119ki najnowszym ofertom ju\u017c dzi\u015b!\" \/>\n<meta property=\"og:url\" content=\"https:\/\/kingmakercasino.info\/pl\/bonusy\/kody-promocyjne\/\" \/>\n<meta property=\"og:site_name\" content=\"Kingmaker Casino\" \/>\n<meta property=\"og:image\" content=\"https:\/\/kingmakercasino.info\/pl\/wp-content\/uploads\/sites\/3\/2026\/03\/kingmakercasino.info_free_spins_featured_images.webp\" \/>\n\t<meta property=\"og:image:width\" content=\"300\" \/>\n\t<meta property=\"og:image:height\" content=\"300\" \/>\n\t<meta property=\"og:image:type\" content=\"image\/webp\" \/>\n<meta name=\"twitter:card\" content=\"summary_large_image\" \/>\n<meta name=\"twitter:label1\" content=\"Szacowany czas czytania\" \/>\n\t<meta name=\"twitter:data1\" content=\"1 minuta\" \/>\n<script type=\"application\/ld+json\" class=\"yoast-schema-graph\">{\"@context\":\"https:\/\/schema.org\",\"@graph\":[{\"@type\":\"WebPage\",\"@id\":\"https:\/\/kingmakercasino.info\/pl\/bonusy\/kody-promocyjne\/\",\"url\":\"https:\/\/kingmakercasino.info\/pl\/bonusy\/kody-promocyjne\/\",\"name\":\"Kody promocyjne Kingmaker Casino | Najlepsze oferty i promocje\",\"isPartOf\":{\"@id\":\"https:\/\/kingmakercasino.info\/pl\/#website\"},\"datePublished\":\"2026-03-04T09:52:16+00:00\",\"dateModified\":\"2026-03-04T09:52:16+00:00\",\"description\":\"Odkryj najlepsze kody promocyjne Kingmaker Casino i odblokuj atrakcyjne bonusy, darmowe spiny oraz wiele wi\u0119cej. Zwi\u0119ksz swoje nagrody dzi\u0119ki najnowszym ofertom ju\u017c dzi\u015b!\",\"breadcrumb\":{\"@id\":\"https:\/\/kingmakercasino.info\/pl\/bonusy\/kody-promocyjne\/#breadcrumb\"},\"inLanguage\":\"pl-PL\",\"potentialAction\":[{\"@type\":\"ReadAction\",\"target\":[\"https:\/\/kingmakercasino.info\/pl\/bonusy\/kody-promocyjne\/\"]}]},{\"@type\":\"BreadcrumbList\",\"@id\":\"https:\/\/kingmakercasino.info\/pl\/bonusy\/kody-promocyjne\/#breadcrumb\",\"itemListElement\":[{\"@type\":\"ListItem\",\"position\":1,\"name\":\"Home\",\"item\":\"https:\/\/kingmakercasino.info\/pl\/\"},{\"@type\":\"ListItem\",\"position\":2,\"name\":\"Bonus w Kingmaker Casino\",\"item\":\"https:\/\/kingmakercasino.info\/pl\/bonusy\/\"},{\"@type\":\"ListItem\",\"position\":3,\"name\":\"Kody promocyjne Kingmaker Casino\"}]},{\"@type\":\"WebSite\",\"@id\":\"https:\/\/kingmakercasino.info\/pl\/#website\",\"url\":\"https:\/\/kingmakercasino.info\/pl\/\",\"name\":\"Kingmaker Casino\",\"description\":\"\",\"potentialAction\":[{\"@type\":\"SearchAction\",\"target\":{\"@type\":\"EntryPoint\",\"urlTemplate\":\"https:\/\/kingmakercasino.info\/pl\/?s={search_term_string}\"},\"query-input\":\"required name=search_term_string\"}],\"inLanguage\":\"pl-PL\"}]}<\/script>\n<!-- \/ Yoast SEO plugin. -->","yoast_head_json":{"title":"Kody promocyjne Kingmaker Casino | Najlepsze oferty i promocje","description":"Odkryj najlepsze kody promocyjne Kingmaker Casino i odblokuj atrakcyjne bonusy, darmowe spiny oraz wiele wi\u0119cej. Zwi\u0119ksz swoje nagrody dzi\u0119ki najnowszym ofertom ju\u017c dzi\u015b!","robots":{"index":"index","follow":"follow","max-snippet":"max-snippet:-1","max-image-preview":"max-image-preview:large","max-video-preview":"max-video-preview:-1"},"canonical":"https:\/\/kingmakercasino.info\/pl\/bonusy\/kody-promocyjne\/","og_locale":"pl_PL","og_type":"article","og_title":"Kody promocyjne Kingmaker Casino | Najlepsze oferty i promocje","og_description":"Odkryj najlepsze kody promocyjne Kingmaker Casino i odblokuj atrakcyjne bonusy, darmowe spiny oraz wiele wi\u0119cej. Zwi\u0119ksz swoje nagrody dzi\u0119ki najnowszym ofertom ju\u017c dzi\u015b!","og_url":"https:\/\/kingmakercasino.info\/pl\/bonusy\/kody-promocyjne\/","og_site_name":"Kingmaker Casino","og_image":[{"width":300,"height":300,"url":"https:\/\/kingmakercasino.info\/pl\/wp-content\/uploads\/sites\/3\/2026\/03\/kingmakercasino.info_free_spins_featured_images.webp","type":"image\/webp"}],"twitter_card":"summary_large_image","twitter_misc":{"Szacowany czas czytania":"1 minuta"},"schema":{"@context":"https:\/\/schema.org","@graph":[{"@type":"WebPage","@id":"https:\/\/kingmakercasino.info\/pl\/bonusy\/kody-promocyjne\/","url":"https:\/\/kingmakercasino.info\/pl\/bonusy\/kody-promocyjne\/","name":"Kody promocyjne Kingmaker Casino | Najlepsze oferty i promocje","isPartOf":{"@id":"https:\/\/kingmakercasino.info\/pl\/#website"},"datePublished":"2026-03-04T09:52:16+00:00","dateModified":"2026-03-04T09:52:16+00:00","description":"Odkryj najlepsze kody promocyjne Kingmaker Casino i odblokuj atrakcyjne bonusy, darmowe spiny oraz wiele wi\u0119cej. Zwi\u0119ksz swoje nagrody dzi\u0119ki najnowszym ofertom ju\u017c dzi\u015b!","breadcrumb":{"@id":"https:\/\/kingmakercasino.info\/pl\/bonusy\/kody-promocyjne\/#breadcrumb"},"inLanguage":"pl-PL","potentialAction":[{"@type":"ReadAction","target":["https:\/\/kingmakercasino.info\/pl\/bonusy\/kody-promocyjne\/"]}]},{"@type":"BreadcrumbList","@id":"https:\/\/kingmakercasino.info\/pl\/bonusy\/kody-promocyjne\/#breadcrumb","itemListElement":[{"@type":"ListItem","position":1,"name":"Home","item":"https:\/\/kingmakercasino.info\/pl\/"},{"@type":"ListItem","position":2,"name":"Bonus w Kingmaker Casino","item":"https:\/\/kingmakercasino.info\/pl\/bonusy\/"},{"@type":"ListItem","position":3,"name":"Kody promocyjne Kingmaker Casino"}]},{"@type":"WebSite","@id":"https:\/\/kingmakercasino.info\/pl\/#website","url":"https:\/\/kingmakercasino.info\/pl\/","name":"Kingmaker Casino","description":"","potentialAction":[{"@type":"SearchAction","target":{"@type":"EntryPoint","urlTemplate":"https:\/\/kingmakercasino.info\/pl\/?s={search_term_string}"},"query-input":"required name=search_term_string"}],"inLanguage":"pl-PL"}]}},"_links":{"self":[{"href":"https:\/\/kingmakercasino.info\/pl\/wp-json\/wp\/v2\/pages\/56"}],"collection":[{"href":"https:\/\/kingmakercasino.info\/pl\/wp-json\/wp\/v2\/pages"}],"about":[{"href":"https:\/\/kingmakercasino.info\/pl\/wp-json\/wp\/v2\/types\/page"}],"author":[{"embeddable":true,"href":"https:\/\/kingmakercasino.info\/pl\/wp-json\/wp\/v2\/users\/1"}],"replies":[{"embeddable":true,"href":"https:\/\/kingmakercasino.info\/pl\/wp-json\/wp\/v2\/comments?post=56"}],"version-history":[{"count":2,"href":"https:\/\/kingmakercasino.info\/pl\/wp-json\/wp\/v2\/pages\/56\/revisions"}],"predecessor-version":[{"id":67,"href":"https:\/\/kingmakercasino.info\/pl\/wp-json\/wp\/v2\/pages\/56\/revisions\/67"}],"up":[{"embeddable":true,"href":"https:\/\/kingmakercasino.info\/pl\/wp-json\/wp\/v2\/pages\/21"}],"wp:featuredmedia":[{"embeddable":true,"href":"https:\/\/kingmakercasino.info\/pl\/wp-json\/wp\/v2\/media\/66"}],"wp:attachment":[{"href":"https:\/\/kingmakercasino.info\/pl\/wp-json\/wp\/v2\/media?parent=56"}],"curies":[{"name":"wp","href":"https:\/\/api.w.org\/{rel}","templated":true}]}}