{"id":5,"date":"2026-03-03T08:17:38","date_gmt":"2026-03-03T08:17:38","guid":{"rendered":"https:\/\/kingmakercasino.info\/pl\/?page_id=5"},"modified":"2026-03-12T14:49:43","modified_gmt":"2026-03-12T14:49:43","slug":"kingmaker-casino","status":"publish","type":"page","link":"https:\/\/kingmakercasino.info\/pl\/","title":{"rendered":"Kingmaker Casino"},"content":{"rendered":"","protected":false},"excerpt":{"rendered":"","protected":false},"author":1,"featured_media":7,"parent":0,"menu_order":0,"comment_status":"closed","ping_status":"closed","template":"","meta":{"_acf_changed":false,"footnotes":""},"acf":[],"yoast_head":"<!-- This site is optimized with the Yoast SEO plugin v22.0 - https:\/\/yoast.com\/wordpress\/plugins\/seo\/ -->\n<title>Kingmaker Casino \u2013 ponad 9 000 automat\u00f3w, bonus 500 \u20ac, wyp\u0142aty w 24h<\/title>\n<meta name=\"description\" content=\"Do\u0142\u0105cz do Kingmaker Casino i graj na ponad 9 000 automatach, odbierz 100% bonus do 500 \u20ac oraz korzystaj z b\u0142yskawicznych wyp\u0142at. Korzystaj z bezpiecznych p\u0142atno\u015bci, cotygodniowych promocji i unikalnych nagr\u00f3d.\" \/>\n<meta name=\"robots\" content=\"index, follow, max-snippet:-1, max-image-preview:large, max-video-preview:-1\" \/>\n<link rel=\"canonical\" href=\"https:\/\/kingmakercasino.info\/pl\/\" \/>\n<meta property=\"og:locale\" content=\"pl_PL\" \/>\n<meta property=\"og:type\" content=\"article\" \/>\n<meta property=\"og:title\" content=\"Kingmaker Casino \u2013 ponad 9 000 automat\u00f3w, bonus 500 \u20ac, wyp\u0142aty w 24h\" \/>\n<meta property=\"og:description\" content=\"Do\u0142\u0105cz do Kingmaker Casino i graj na ponad 9 000 automatach, odbierz 100% bonus do 500 \u20ac oraz korzystaj z b\u0142yskawicznych wyp\u0142at. Korzystaj z bezpiecznych p\u0142atno\u015bci, cotygodniowych promocji i unikalnych nagr\u00f3d.\" \/>\n<meta property=\"og:url\" content=\"https:\/\/kingmakercasino.info\/pl\/\" \/>\n<meta property=\"og:site_name\" content=\"Kingmaker Casino\" \/>\n<meta property=\"article:modified_time\" content=\"2026-03-12T14:49:43+00:00\" \/>\n<meta property=\"og:image\" content=\"https:\/\/kingmakercasino.info\/pl\/wp-content\/uploads\/sites\/3\/2026\/03\/pl-kingmaker-homepage-featured.webp\" \/>\n\t<meta property=\"og:image:width\" content=\"300\" \/>\n\t<meta property=\"og:image:height\" content=\"300\" \/>\n\t<meta property=\"og:image:type\" content=\"image\/webp\" \/>\n<meta name=\"twitter:card\" content=\"summary_large_image\" \/>\n<meta name=\"twitter:label1\" content=\"Szacowany czas czytania\" \/>\n\t<meta name=\"twitter:data1\" content=\"1 minuta\" \/>\n<script type=\"application\/ld+json\" class=\"yoast-schema-graph\">{\"@context\":\"https:\/\/schema.org\",\"@graph\":[{\"@type\":\"WebPage\",\"@id\":\"https:\/\/kingmakercasino.info\/pl\/\",\"url\":\"https:\/\/kingmakercasino.info\/pl\/\",\"name\":\"Kingmaker Casino \u2013 ponad 9 000 automat\u00f3w, bonus 500 \u20ac, wyp\u0142aty w 24h\",\"isPartOf\":{\"@id\":\"https:\/\/kingmakercasino.info\/pl\/#website\"},\"datePublished\":\"2026-03-03T08:17:38+00:00\",\"dateModified\":\"2026-03-12T14:49:43+00:00\",\"description\":\"Do\u0142\u0105cz do Kingmaker Casino i graj na ponad 9 000 automatach, odbierz 100% bonus do 500 \u20ac oraz korzystaj z b\u0142yskawicznych wyp\u0142at. Korzystaj z bezpiecznych p\u0142atno\u015bci, cotygodniowych promocji i unikalnych nagr\u00f3d.\",\"breadcrumb\":{\"@id\":\"https:\/\/kingmakercasino.info\/pl\/#breadcrumb\"},\"inLanguage\":\"pl-PL\",\"potentialAction\":[{\"@type\":\"ReadAction\",\"target\":[\"https:\/\/kingmakercasino.info\/pl\/\"]}]},{\"@type\":\"BreadcrumbList\",\"@id\":\"https:\/\/kingmakercasino.info\/pl\/#breadcrumb\",\"itemListElement\":[{\"@type\":\"ListItem\",\"position\":1,\"name\":\"Home\",\"item\":\"https:\/\/kingmakercasino.info\/pl\/\"},{\"@type\":\"ListItem\",\"position\":2,\"name\":\"Kingmaker Casino\"}]},{\"@type\":\"WebSite\",\"@id\":\"https:\/\/kingmakercasino.info\/pl\/#website\",\"url\":\"https:\/\/kingmakercasino.info\/pl\/\",\"name\":\"Kingmaker Casino\",\"description\":\"\",\"potentialAction\":[{\"@type\":\"SearchAction\",\"target\":{\"@type\":\"EntryPoint\",\"urlTemplate\":\"https:\/\/kingmakercasino.info\/pl\/?s={search_term_string}\"},\"query-input\":\"required name=search_term_string\"}],\"inLanguage\":\"pl-PL\"}]}<\/script>\n<!-- \/ Yoast SEO plugin. -->","yoast_head_json":{"title":"Kingmaker Casino \u2013 ponad 9 000 automat\u00f3w, bonus 500 \u20ac, wyp\u0142aty w 24h","description":"Do\u0142\u0105cz do Kingmaker Casino i graj na ponad 9 000 automatach, odbierz 100% bonus do 500 \u20ac oraz korzystaj z b\u0142yskawicznych wyp\u0142at. Korzystaj z bezpiecznych p\u0142atno\u015bci, cotygodniowych promocji i unikalnych nagr\u00f3d.","robots":{"index":"index","follow":"follow","max-snippet":"max-snippet:-1","max-image-preview":"max-image-preview:large","max-video-preview":"max-video-preview:-1"},"canonical":"https:\/\/kingmakercasino.info\/pl\/","og_locale":"pl_PL","og_type":"article","og_title":"Kingmaker Casino \u2013 ponad 9 000 automat\u00f3w, bonus 500 \u20ac, wyp\u0142aty w 24h","og_description":"Do\u0142\u0105cz do Kingmaker Casino i graj na ponad 9 000 automatach, odbierz 100% bonus do 500 \u20ac oraz korzystaj z b\u0142yskawicznych wyp\u0142at. Korzystaj z bezpiecznych p\u0142atno\u015bci, cotygodniowych promocji i unikalnych nagr\u00f3d.","og_url":"https:\/\/kingmakercasino.info\/pl\/","og_site_name":"Kingmaker Casino","article_modified_time":"2026-03-12T14:49:43+00:00","og_image":[{"width":300,"height":300,"url":"https:\/\/kingmakercasino.info\/pl\/wp-content\/uploads\/sites\/3\/2026\/03\/pl-kingmaker-homepage-featured.webp","type":"image\/webp"}],"twitter_card":"summary_large_image","twitter_misc":{"Szacowany czas czytania":"1 minuta"},"schema":{"@context":"https:\/\/schema.org","@graph":[{"@type":"WebPage","@id":"https:\/\/kingmakercasino.info\/pl\/","url":"https:\/\/kingmakercasino.info\/pl\/","name":"Kingmaker Casino \u2013 ponad 9 000 automat\u00f3w, bonus 500 \u20ac, wyp\u0142aty w 24h","isPartOf":{"@id":"https:\/\/kingmakercasino.info\/pl\/#website"},"datePublished":"2026-03-03T08:17:38+00:00","dateModified":"2026-03-12T14:49:43+00:00","description":"Do\u0142\u0105cz do Kingmaker Casino i graj na ponad 9 000 automatach, odbierz 100% bonus do 500 \u20ac oraz korzystaj z b\u0142yskawicznych wyp\u0142at. Korzystaj z bezpiecznych p\u0142atno\u015bci, cotygodniowych promocji i unikalnych nagr\u00f3d.","breadcrumb":{"@id":"https:\/\/kingmakercasino.info\/pl\/#breadcrumb"},"inLanguage":"pl-PL","potentialAction":[{"@type":"ReadAction","target":["https:\/\/kingmakercasino.info\/pl\/"]}]},{"@type":"BreadcrumbList","@id":"https:\/\/kingmakercasino.info\/pl\/#breadcrumb","itemListElement":[{"@type":"ListItem","position":1,"name":"Home","item":"https:\/\/kingmakercasino.info\/pl\/"},{"@type":"ListItem","position":2,"name":"Kingmaker Casino"}]},{"@type":"WebSite","@id":"https:\/\/kingmakercasino.info\/pl\/#website","url":"https:\/\/kingmakercasino.info\/pl\/","name":"Kingmaker Casino","description":"","potentialAction":[{"@type":"SearchAction","target":{"@type":"EntryPoint","urlTemplate":"https:\/\/kingmakercasino.info\/pl\/?s={search_term_string}"},"query-input":"required name=search_term_string"}],"inLanguage":"pl-PL"}]}},"_links":{"self":[{"href":"https:\/\/kingmakercasino.info\/pl\/wp-json\/wp\/v2\/pages\/5"}],"collection":[{"href":"https:\/\/kingmakercasino.info\/pl\/wp-json\/wp\/v2\/pages"}],"about":[{"href":"https:\/\/kingmakercasino.info\/pl\/wp-json\/wp\/v2\/types\/page"}],"author":[{"embeddable":true,"href":"https:\/\/kingmakercasino.info\/pl\/wp-json\/wp\/v2\/users\/1"}],"replies":[{"embeddable":true,"href":"https:\/\/kingmakercasino.info\/pl\/wp-json\/wp\/v2\/comments?post=5"}],"version-history":[{"count":5,"href":"https:\/\/kingmakercasino.info\/pl\/wp-json\/wp\/v2\/pages\/5\/revisions"}],"predecessor-version":[{"id":73,"href":"https:\/\/kingmakercasino.info\/pl\/wp-json\/wp\/v2\/pages\/5\/revisions\/73"}],"wp:featuredmedia":[{"embeddable":true,"href":"https:\/\/kingmakercasino.info\/pl\/wp-json\/wp\/v2\/media\/7"}],"wp:attachment":[{"href":"https:\/\/kingmakercasino.info\/pl\/wp-json\/wp\/v2\/media?parent=5"}],"curies":[{"name":"wp","href":"https:\/\/api.w.org\/{rel}","templated":true}]}}