{"id":49,"date":"2026-03-16T14:59:49","date_gmt":"2026-03-16T14:59:49","guid":{"rendered":"https:\/\/kingmakercasino.info\/hr\/?page_id=49"},"modified":"2026-03-16T14:59:49","modified_gmt":"2026-03-16T14:59:49","slug":"promo-kodovi","status":"publish","type":"page","link":"https:\/\/kingmakercasino.info\/hr\/bonusi\/promo-kodovi\/","title":{"rendered":"Kingmaker Casino promotivni kodovi"},"content":{"rendered":"","protected":false},"excerpt":{"rendered":"","protected":false},"author":1,"featured_media":50,"parent":9,"menu_order":0,"comment_status":"closed","ping_status":"closed","template":"","meta":{"_acf_changed":false,"footnotes":""},"acf":[],"yoast_head":"<!-- This site is optimized with the Yoast SEO plugin v22.0 - https:\/\/yoast.com\/wordpress\/plugins\/seo\/ -->\n<title>Kingmaker Casino promotivni kodovi | Prona\u0111ite najbolje ponude<\/title>\n<meta name=\"description\" content=\"Otkrijte najbolje Kingmaker Casino promotivne kodove i otklju\u010dajte uzbudljive bonuse, besplatne vrtnje i jo\u0161 mnogo toga. Iskoristite najnovije ponude i pove\u0107ajte svoje nagrade ve\u0107 danas!\" \/>\n<meta name=\"robots\" content=\"index, follow, max-snippet:-1, max-image-preview:large, max-video-preview:-1\" \/>\n<link rel=\"canonical\" href=\"https:\/\/kingmakercasino.info\/hr\/bonusi\/promo-kodovi\/\" \/>\n<meta property=\"og:locale\" content=\"hr_HR\" \/>\n<meta property=\"og:type\" content=\"article\" \/>\n<meta property=\"og:title\" content=\"Kingmaker Casino promotivni kodovi | Prona\u0111ite najbolje ponude\" \/>\n<meta property=\"og:description\" content=\"Otkrijte najbolje Kingmaker Casino promotivne kodove i otklju\u010dajte uzbudljive bonuse, besplatne vrtnje i jo\u0161 mnogo toga. Iskoristite najnovije ponude i pove\u0107ajte svoje nagrade ve\u0107 danas!\" \/>\n<meta property=\"og:url\" content=\"https:\/\/kingmakercasino.info\/hr\/bonusi\/promo-kodovi\/\" \/>\n<meta property=\"og:site_name\" content=\"Croatian Kingmaker Casino\" \/>\n<meta property=\"og:image\" content=\"https:\/\/kingmakercasino.info\/hr\/wp-content\/uploads\/sites\/8\/2026\/03\/hr-kingmaker-promo-codes-featured.webp\" \/>\n\t<meta property=\"og:image:width\" content=\"300\" \/>\n\t<meta property=\"og:image:height\" content=\"300\" \/>\n\t<meta property=\"og:image:type\" content=\"image\/webp\" \/>\n<meta name=\"twitter:card\" content=\"summary_large_image\" \/>\n<meta name=\"twitter:label1\" content=\"Procijenjeno vrijeme \u010ditanja\" \/>\n\t<meta name=\"twitter:data1\" content=\"1 minuta\" \/>\n<script type=\"application\/ld+json\" class=\"yoast-schema-graph\">{\"@context\":\"https:\/\/schema.org\",\"@graph\":[{\"@type\":\"WebPage\",\"@id\":\"https:\/\/kingmakercasino.info\/hr\/bonusi\/promo-kodovi\/\",\"url\":\"https:\/\/kingmakercasino.info\/hr\/bonusi\/promo-kodovi\/\",\"name\":\"Kingmaker Casino promotivni kodovi | Prona\u0111ite najbolje ponude\",\"isPartOf\":{\"@id\":\"https:\/\/kingmakercasino.info\/hr\/#website\"},\"datePublished\":\"2026-03-16T14:59:49+00:00\",\"dateModified\":\"2026-03-16T14:59:49+00:00\",\"description\":\"Otkrijte najbolje Kingmaker Casino promotivne kodove i otklju\u010dajte uzbudljive bonuse, besplatne vrtnje i jo\u0161 mnogo toga. Iskoristite najnovije ponude i pove\u0107ajte svoje nagrade ve\u0107 danas!\",\"breadcrumb\":{\"@id\":\"https:\/\/kingmakercasino.info\/hr\/bonusi\/promo-kodovi\/#breadcrumb\"},\"inLanguage\":\"hr\",\"potentialAction\":[{\"@type\":\"ReadAction\",\"target\":[\"https:\/\/kingmakercasino.info\/hr\/bonusi\/promo-kodovi\/\"]}]},{\"@type\":\"BreadcrumbList\",\"@id\":\"https:\/\/kingmakercasino.info\/hr\/bonusi\/promo-kodovi\/#breadcrumb\",\"itemListElement\":[{\"@type\":\"ListItem\",\"position\":1,\"name\":\"Home\",\"item\":\"https:\/\/kingmakercasino.info\/hr\/\"},{\"@type\":\"ListItem\",\"position\":2,\"name\":\"Kingmaker Casino Bonus\",\"item\":\"https:\/\/kingmakercasino.info\/hr\/bonusi\/\"},{\"@type\":\"ListItem\",\"position\":3,\"name\":\"Kingmaker Casino promotivni kodovi\"}]},{\"@type\":\"WebSite\",\"@id\":\"https:\/\/kingmakercasino.info\/hr\/#website\",\"url\":\"https:\/\/kingmakercasino.info\/hr\/\",\"name\":\"Croatian Kingmaker Casino\",\"description\":\"\",\"potentialAction\":[{\"@type\":\"SearchAction\",\"target\":{\"@type\":\"EntryPoint\",\"urlTemplate\":\"https:\/\/kingmakercasino.info\/hr\/?s={search_term_string}\"},\"query-input\":\"required name=search_term_string\"}],\"inLanguage\":\"hr\"}]}<\/script>\n<!-- \/ Yoast SEO plugin. -->","yoast_head_json":{"title":"Kingmaker Casino promotivni kodovi | Prona\u0111ite najbolje ponude","description":"Otkrijte najbolje Kingmaker Casino promotivne kodove i otklju\u010dajte uzbudljive bonuse, besplatne vrtnje i jo\u0161 mnogo toga. Iskoristite najnovije ponude i pove\u0107ajte svoje nagrade ve\u0107 danas!","robots":{"index":"index","follow":"follow","max-snippet":"max-snippet:-1","max-image-preview":"max-image-preview:large","max-video-preview":"max-video-preview:-1"},"canonical":"https:\/\/kingmakercasino.info\/hr\/bonusi\/promo-kodovi\/","og_locale":"hr_HR","og_type":"article","og_title":"Kingmaker Casino promotivni kodovi | Prona\u0111ite najbolje ponude","og_description":"Otkrijte najbolje Kingmaker Casino promotivne kodove i otklju\u010dajte uzbudljive bonuse, besplatne vrtnje i jo\u0161 mnogo toga. Iskoristite najnovije ponude i pove\u0107ajte svoje nagrade ve\u0107 danas!","og_url":"https:\/\/kingmakercasino.info\/hr\/bonusi\/promo-kodovi\/","og_site_name":"Croatian Kingmaker Casino","og_image":[{"width":300,"height":300,"url":"https:\/\/kingmakercasino.info\/hr\/wp-content\/uploads\/sites\/8\/2026\/03\/hr-kingmaker-promo-codes-featured.webp","type":"image\/webp"}],"twitter_card":"summary_large_image","twitter_misc":{"Procijenjeno vrijeme \u010ditanja":"1 minuta"},"schema":{"@context":"https:\/\/schema.org","@graph":[{"@type":"WebPage","@id":"https:\/\/kingmakercasino.info\/hr\/bonusi\/promo-kodovi\/","url":"https:\/\/kingmakercasino.info\/hr\/bonusi\/promo-kodovi\/","name":"Kingmaker Casino promotivni kodovi | Prona\u0111ite najbolje ponude","isPartOf":{"@id":"https:\/\/kingmakercasino.info\/hr\/#website"},"datePublished":"2026-03-16T14:59:49+00:00","dateModified":"2026-03-16T14:59:49+00:00","description":"Otkrijte najbolje Kingmaker Casino promotivne kodove i otklju\u010dajte uzbudljive bonuse, besplatne vrtnje i jo\u0161 mnogo toga. Iskoristite najnovije ponude i pove\u0107ajte svoje nagrade ve\u0107 danas!","breadcrumb":{"@id":"https:\/\/kingmakercasino.info\/hr\/bonusi\/promo-kodovi\/#breadcrumb"},"inLanguage":"hr","potentialAction":[{"@type":"ReadAction","target":["https:\/\/kingmakercasino.info\/hr\/bonusi\/promo-kodovi\/"]}]},{"@type":"BreadcrumbList","@id":"https:\/\/kingmakercasino.info\/hr\/bonusi\/promo-kodovi\/#breadcrumb","itemListElement":[{"@type":"ListItem","position":1,"name":"Home","item":"https:\/\/kingmakercasino.info\/hr\/"},{"@type":"ListItem","position":2,"name":"Kingmaker Casino Bonus","item":"https:\/\/kingmakercasino.info\/hr\/bonusi\/"},{"@type":"ListItem","position":3,"name":"Kingmaker Casino promotivni kodovi"}]},{"@type":"WebSite","@id":"https:\/\/kingmakercasino.info\/hr\/#website","url":"https:\/\/kingmakercasino.info\/hr\/","name":"Croatian Kingmaker Casino","description":"","potentialAction":[{"@type":"SearchAction","target":{"@type":"EntryPoint","urlTemplate":"https:\/\/kingmakercasino.info\/hr\/?s={search_term_string}"},"query-input":"required name=search_term_string"}],"inLanguage":"hr"}]}},"_links":{"self":[{"href":"https:\/\/kingmakercasino.info\/hr\/wp-json\/wp\/v2\/pages\/49"}],"collection":[{"href":"https:\/\/kingmakercasino.info\/hr\/wp-json\/wp\/v2\/pages"}],"about":[{"href":"https:\/\/kingmakercasino.info\/hr\/wp-json\/wp\/v2\/types\/page"}],"author":[{"embeddable":true,"href":"https:\/\/kingmakercasino.info\/hr\/wp-json\/wp\/v2\/users\/1"}],"replies":[{"embeddable":true,"href":"https:\/\/kingmakercasino.info\/hr\/wp-json\/wp\/v2\/comments?post=49"}],"version-history":[{"count":3,"href":"https:\/\/kingmakercasino.info\/hr\/wp-json\/wp\/v2\/pages\/49\/revisions"}],"predecessor-version":[{"id":56,"href":"https:\/\/kingmakercasino.info\/hr\/wp-json\/wp\/v2\/pages\/49\/revisions\/56"}],"up":[{"embeddable":true,"href":"https:\/\/kingmakercasino.info\/hr\/wp-json\/wp\/v2\/pages\/9"}],"wp:featuredmedia":[{"embeddable":true,"href":"https:\/\/kingmakercasino.info\/hr\/wp-json\/wp\/v2\/media\/50"}],"wp:attachment":[{"href":"https:\/\/kingmakercasino.info\/hr\/wp-json\/wp\/v2\/media?parent=49"}],"curies":[{"name":"wp","href":"https:\/\/api.w.org\/{rel}","templated":true}]}}