{"id":39,"date":"2026-03-16T13:13:15","date_gmt":"2026-03-16T13:13:15","guid":{"rendered":"https:\/\/kingmakercasino.info\/hr\/?page_id=39"},"modified":"2026-03-16T13:13:15","modified_gmt":"2026-03-16T13:13:15","slug":"bez-depozita","status":"publish","type":"page","link":"https:\/\/kingmakercasino.info\/hr\/bonusi\/besplatni-spinovi\/bez-depozita\/","title":{"rendered":"Kingmaker besplatne vrtnje bez depozita"},"content":{"rendered":"","protected":false},"excerpt":{"rendered":"","protected":false},"author":1,"featured_media":40,"parent":26,"menu_order":0,"comment_status":"closed","ping_status":"closed","template":"","meta":{"_acf_changed":false,"footnotes":""},"acf":[],"yoast_head":"<!-- This site is optimized with the Yoast SEO plugin v22.0 - https:\/\/yoast.com\/wordpress\/plugins\/seo\/ -->\n<title>Kingmaker besplatne vrtnje bez depozita | Preuzmi svoj bonus danas<\/title>\n<meta name=\"description\" content=\"Iskoristi Kingmaker besplatne vrtnje bez depozita i u\u017eivaj u uzbudljivim slot igrama bez rizika za vlastita sredstva. Prona\u0111i dostupne ponude i po\u010dni igrati ve\u0107 danas!\" \/>\n<meta name=\"robots\" content=\"index, follow, max-snippet:-1, max-image-preview:large, max-video-preview:-1\" \/>\n<link rel=\"canonical\" href=\"https:\/\/kingmakercasino.info\/hr\/bonusi\/besplatni-spinovi\/bez-depozita\/\" \/>\n<meta property=\"og:locale\" content=\"hr_HR\" \/>\n<meta property=\"og:type\" content=\"article\" \/>\n<meta property=\"og:title\" content=\"Kingmaker besplatne vrtnje bez depozita | Preuzmi svoj bonus danas\" \/>\n<meta property=\"og:description\" content=\"Iskoristi Kingmaker besplatne vrtnje bez depozita i u\u017eivaj u uzbudljivim slot igrama bez rizika za vlastita sredstva. Prona\u0111i dostupne ponude i po\u010dni igrati ve\u0107 danas!\" \/>\n<meta property=\"og:url\" content=\"https:\/\/kingmakercasino.info\/hr\/bonusi\/besplatni-spinovi\/bez-depozita\/\" \/>\n<meta property=\"og:site_name\" content=\"Croatian Kingmaker Casino\" \/>\n<meta property=\"og:image\" content=\"https:\/\/kingmakercasino.info\/hr\/wp-content\/uploads\/sites\/8\/2026\/03\/hr-kingmaker-no-deposit-free-spins-featured.webp\" \/>\n\t<meta property=\"og:image:width\" content=\"300\" \/>\n\t<meta property=\"og:image:height\" content=\"300\" \/>\n\t<meta property=\"og:image:type\" content=\"image\/webp\" \/>\n<meta name=\"twitter:card\" content=\"summary_large_image\" \/>\n<meta name=\"twitter:label1\" content=\"Procijenjeno vrijeme \u010ditanja\" \/>\n\t<meta name=\"twitter:data1\" content=\"1 minuta\" \/>\n<script type=\"application\/ld+json\" class=\"yoast-schema-graph\">{\"@context\":\"https:\/\/schema.org\",\"@graph\":[{\"@type\":\"WebPage\",\"@id\":\"https:\/\/kingmakercasino.info\/hr\/bonusi\/besplatni-spinovi\/bez-depozita\/\",\"url\":\"https:\/\/kingmakercasino.info\/hr\/bonusi\/besplatni-spinovi\/bez-depozita\/\",\"name\":\"Kingmaker besplatne vrtnje bez depozita | Preuzmi svoj bonus danas\",\"isPartOf\":{\"@id\":\"https:\/\/kingmakercasino.info\/hr\/#website\"},\"datePublished\":\"2026-03-16T13:13:15+00:00\",\"dateModified\":\"2026-03-16T13:13:15+00:00\",\"description\":\"Iskoristi Kingmaker besplatne vrtnje bez depozita i u\u017eivaj u uzbudljivim slot igrama bez rizika za vlastita sredstva. Prona\u0111i dostupne ponude i po\u010dni igrati ve\u0107 danas!\",\"breadcrumb\":{\"@id\":\"https:\/\/kingmakercasino.info\/hr\/bonusi\/besplatni-spinovi\/bez-depozita\/#breadcrumb\"},\"inLanguage\":\"hr\",\"potentialAction\":[{\"@type\":\"ReadAction\",\"target\":[\"https:\/\/kingmakercasino.info\/hr\/bonusi\/besplatni-spinovi\/bez-depozita\/\"]}]},{\"@type\":\"BreadcrumbList\",\"@id\":\"https:\/\/kingmakercasino.info\/hr\/bonusi\/besplatni-spinovi\/bez-depozita\/#breadcrumb\",\"itemListElement\":[{\"@type\":\"ListItem\",\"position\":1,\"name\":\"Home\",\"item\":\"https:\/\/kingmakercasino.info\/hr\/\"},{\"@type\":\"ListItem\",\"position\":2,\"name\":\"Kingmaker Casino Bonus\",\"item\":\"https:\/\/kingmakercasino.info\/hr\/bonusi\/\"},{\"@type\":\"ListItem\",\"position\":3,\"name\":\"Kingmaker besplatne vrtnje\",\"item\":\"https:\/\/kingmakercasino.info\/hr\/bonusi\/besplatni-spinovi\/\"},{\"@type\":\"ListItem\",\"position\":4,\"name\":\"Kingmaker besplatne vrtnje bez depozita\"}]},{\"@type\":\"WebSite\",\"@id\":\"https:\/\/kingmakercasino.info\/hr\/#website\",\"url\":\"https:\/\/kingmakercasino.info\/hr\/\",\"name\":\"Croatian Kingmaker Casino\",\"description\":\"\",\"potentialAction\":[{\"@type\":\"SearchAction\",\"target\":{\"@type\":\"EntryPoint\",\"urlTemplate\":\"https:\/\/kingmakercasino.info\/hr\/?s={search_term_string}\"},\"query-input\":\"required name=search_term_string\"}],\"inLanguage\":\"hr\"}]}<\/script>\n<!-- \/ Yoast SEO plugin. -->","yoast_head_json":{"title":"Kingmaker besplatne vrtnje bez depozita | Preuzmi svoj bonus danas","description":"Iskoristi Kingmaker besplatne vrtnje bez depozita i u\u017eivaj u uzbudljivim slot igrama bez rizika za vlastita sredstva. Prona\u0111i dostupne ponude i po\u010dni igrati ve\u0107 danas!","robots":{"index":"index","follow":"follow","max-snippet":"max-snippet:-1","max-image-preview":"max-image-preview:large","max-video-preview":"max-video-preview:-1"},"canonical":"https:\/\/kingmakercasino.info\/hr\/bonusi\/besplatni-spinovi\/bez-depozita\/","og_locale":"hr_HR","og_type":"article","og_title":"Kingmaker besplatne vrtnje bez depozita | Preuzmi svoj bonus danas","og_description":"Iskoristi Kingmaker besplatne vrtnje bez depozita i u\u017eivaj u uzbudljivim slot igrama bez rizika za vlastita sredstva. Prona\u0111i dostupne ponude i po\u010dni igrati ve\u0107 danas!","og_url":"https:\/\/kingmakercasino.info\/hr\/bonusi\/besplatni-spinovi\/bez-depozita\/","og_site_name":"Croatian Kingmaker Casino","og_image":[{"width":300,"height":300,"url":"https:\/\/kingmakercasino.info\/hr\/wp-content\/uploads\/sites\/8\/2026\/03\/hr-kingmaker-no-deposit-free-spins-featured.webp","type":"image\/webp"}],"twitter_card":"summary_large_image","twitter_misc":{"Procijenjeno vrijeme \u010ditanja":"1 minuta"},"schema":{"@context":"https:\/\/schema.org","@graph":[{"@type":"WebPage","@id":"https:\/\/kingmakercasino.info\/hr\/bonusi\/besplatni-spinovi\/bez-depozita\/","url":"https:\/\/kingmakercasino.info\/hr\/bonusi\/besplatni-spinovi\/bez-depozita\/","name":"Kingmaker besplatne vrtnje bez depozita | Preuzmi svoj bonus danas","isPartOf":{"@id":"https:\/\/kingmakercasino.info\/hr\/#website"},"datePublished":"2026-03-16T13:13:15+00:00","dateModified":"2026-03-16T13:13:15+00:00","description":"Iskoristi Kingmaker besplatne vrtnje bez depozita i u\u017eivaj u uzbudljivim slot igrama bez rizika za vlastita sredstva. Prona\u0111i dostupne ponude i po\u010dni igrati ve\u0107 danas!","breadcrumb":{"@id":"https:\/\/kingmakercasino.info\/hr\/bonusi\/besplatni-spinovi\/bez-depozita\/#breadcrumb"},"inLanguage":"hr","potentialAction":[{"@type":"ReadAction","target":["https:\/\/kingmakercasino.info\/hr\/bonusi\/besplatni-spinovi\/bez-depozita\/"]}]},{"@type":"BreadcrumbList","@id":"https:\/\/kingmakercasino.info\/hr\/bonusi\/besplatni-spinovi\/bez-depozita\/#breadcrumb","itemListElement":[{"@type":"ListItem","position":1,"name":"Home","item":"https:\/\/kingmakercasino.info\/hr\/"},{"@type":"ListItem","position":2,"name":"Kingmaker Casino Bonus","item":"https:\/\/kingmakercasino.info\/hr\/bonusi\/"},{"@type":"ListItem","position":3,"name":"Kingmaker besplatne vrtnje","item":"https:\/\/kingmakercasino.info\/hr\/bonusi\/besplatni-spinovi\/"},{"@type":"ListItem","position":4,"name":"Kingmaker besplatne vrtnje bez depozita"}]},{"@type":"WebSite","@id":"https:\/\/kingmakercasino.info\/hr\/#website","url":"https:\/\/kingmakercasino.info\/hr\/","name":"Croatian Kingmaker Casino","description":"","potentialAction":[{"@type":"SearchAction","target":{"@type":"EntryPoint","urlTemplate":"https:\/\/kingmakercasino.info\/hr\/?s={search_term_string}"},"query-input":"required name=search_term_string"}],"inLanguage":"hr"}]}},"_links":{"self":[{"href":"https:\/\/kingmakercasino.info\/hr\/wp-json\/wp\/v2\/pages\/39"}],"collection":[{"href":"https:\/\/kingmakercasino.info\/hr\/wp-json\/wp\/v2\/pages"}],"about":[{"href":"https:\/\/kingmakercasino.info\/hr\/wp-json\/wp\/v2\/types\/page"}],"author":[{"embeddable":true,"href":"https:\/\/kingmakercasino.info\/hr\/wp-json\/wp\/v2\/users\/1"}],"replies":[{"embeddable":true,"href":"https:\/\/kingmakercasino.info\/hr\/wp-json\/wp\/v2\/comments?post=39"}],"version-history":[{"count":3,"href":"https:\/\/kingmakercasino.info\/hr\/wp-json\/wp\/v2\/pages\/39\/revisions"}],"predecessor-version":[{"id":48,"href":"https:\/\/kingmakercasino.info\/hr\/wp-json\/wp\/v2\/pages\/39\/revisions\/48"}],"up":[{"embeddable":true,"href":"https:\/\/kingmakercasino.info\/hr\/wp-json\/wp\/v2\/pages\/26"}],"wp:featuredmedia":[{"embeddable":true,"href":"https:\/\/kingmakercasino.info\/hr\/wp-json\/wp\/v2\/media\/40"}],"wp:attachment":[{"href":"https:\/\/kingmakercasino.info\/hr\/wp-json\/wp\/v2\/media?parent=39"}],"curies":[{"name":"wp","href":"https:\/\/api.w.org\/{rel}","templated":true}]}}