{"id":26,"date":"2026-03-16T12:47:07","date_gmt":"2026-03-16T12:47:07","guid":{"rendered":"https:\/\/kingmakercasino.info\/hr\/?page_id=26"},"modified":"2026-03-16T12:47:07","modified_gmt":"2026-03-16T12:47:07","slug":"besplatni-spinovi","status":"publish","type":"page","link":"https:\/\/kingmakercasino.info\/hr\/bonusi\/besplatni-spinovi\/","title":{"rendered":"Kingmaker besplatne vrtnje"},"content":{"rendered":"","protected":false},"excerpt":{"rendered":"","protected":false},"author":1,"featured_media":27,"parent":9,"menu_order":0,"comment_status":"closed","ping_status":"closed","template":"","meta":{"_acf_changed":false,"footnotes":""},"acf":[],"yoast_head":"<!-- This site is optimized with the Yoast SEO plugin v22.0 - https:\/\/yoast.com\/wordpress\/plugins\/seo\/ -->\n<title>Kingmaker besplatne vrtnje | Osvoji stotine besplatnih vrtnji svaki tjedan<\/title>\n<meta name=\"description\" content=\"Osvoji stotine Kingmaker besplatnih vrtnji i u\u017eivaj u uzbudljivim online slot igrama! Istra\u017ei dostupne ponude, promotivne kodove, uvjete odigravanja i jo\u0161 mnogo toga.\" \/>\n<meta name=\"robots\" content=\"index, follow, max-snippet:-1, max-image-preview:large, max-video-preview:-1\" \/>\n<link rel=\"canonical\" href=\"https:\/\/kingmakercasino.info\/hr\/bonusi\/besplatni-spinovi\/\" \/>\n<meta property=\"og:locale\" content=\"hr_HR\" \/>\n<meta property=\"og:type\" content=\"article\" \/>\n<meta property=\"og:title\" content=\"Kingmaker besplatne vrtnje | Osvoji stotine besplatnih vrtnji svaki tjedan\" \/>\n<meta property=\"og:description\" content=\"Osvoji stotine Kingmaker besplatnih vrtnji i u\u017eivaj u uzbudljivim online slot igrama! Istra\u017ei dostupne ponude, promotivne kodove, uvjete odigravanja i jo\u0161 mnogo toga.\" \/>\n<meta property=\"og:url\" content=\"https:\/\/kingmakercasino.info\/hr\/bonusi\/besplatni-spinovi\/\" \/>\n<meta property=\"og:site_name\" content=\"Croatian Kingmaker Casino\" \/>\n<meta property=\"og:image\" content=\"https:\/\/kingmakercasino.info\/hr\/wp-content\/uploads\/sites\/8\/2026\/03\/hr-kingmaker-free-spins-featured.webp\" \/>\n\t<meta property=\"og:image:width\" content=\"300\" \/>\n\t<meta property=\"og:image:height\" content=\"300\" \/>\n\t<meta property=\"og:image:type\" content=\"image\/webp\" \/>\n<meta name=\"twitter:card\" content=\"summary_large_image\" \/>\n<meta name=\"twitter:label1\" content=\"Procijenjeno vrijeme \u010ditanja\" \/>\n\t<meta name=\"twitter:data1\" content=\"1 minuta\" \/>\n<script type=\"application\/ld+json\" class=\"yoast-schema-graph\">{\"@context\":\"https:\/\/schema.org\",\"@graph\":[{\"@type\":\"WebPage\",\"@id\":\"https:\/\/kingmakercasino.info\/hr\/bonusi\/besplatni-spinovi\/\",\"url\":\"https:\/\/kingmakercasino.info\/hr\/bonusi\/besplatni-spinovi\/\",\"name\":\"Kingmaker besplatne vrtnje | Osvoji stotine besplatnih vrtnji svaki tjedan\",\"isPartOf\":{\"@id\":\"https:\/\/kingmakercasino.info\/hr\/#website\"},\"datePublished\":\"2026-03-16T12:47:07+00:00\",\"dateModified\":\"2026-03-16T12:47:07+00:00\",\"description\":\"Osvoji stotine Kingmaker besplatnih vrtnji i u\u017eivaj u uzbudljivim online slot igrama! Istra\u017ei dostupne ponude, promotivne kodove, uvjete odigravanja i jo\u0161 mnogo toga.\",\"breadcrumb\":{\"@id\":\"https:\/\/kingmakercasino.info\/hr\/bonusi\/besplatni-spinovi\/#breadcrumb\"},\"inLanguage\":\"hr\",\"potentialAction\":[{\"@type\":\"ReadAction\",\"target\":[\"https:\/\/kingmakercasino.info\/hr\/bonusi\/besplatni-spinovi\/\"]}]},{\"@type\":\"BreadcrumbList\",\"@id\":\"https:\/\/kingmakercasino.info\/hr\/bonusi\/besplatni-spinovi\/#breadcrumb\",\"itemListElement\":[{\"@type\":\"ListItem\",\"position\":1,\"name\":\"Home\",\"item\":\"https:\/\/kingmakercasino.info\/hr\/\"},{\"@type\":\"ListItem\",\"position\":2,\"name\":\"Kingmaker Casino Bonus\",\"item\":\"https:\/\/kingmakercasino.info\/hr\/bonusi\/\"},{\"@type\":\"ListItem\",\"position\":3,\"name\":\"Kingmaker besplatne vrtnje\"}]},{\"@type\":\"WebSite\",\"@id\":\"https:\/\/kingmakercasino.info\/hr\/#website\",\"url\":\"https:\/\/kingmakercasino.info\/hr\/\",\"name\":\"Croatian Kingmaker Casino\",\"description\":\"\",\"potentialAction\":[{\"@type\":\"SearchAction\",\"target\":{\"@type\":\"EntryPoint\",\"urlTemplate\":\"https:\/\/kingmakercasino.info\/hr\/?s={search_term_string}\"},\"query-input\":\"required name=search_term_string\"}],\"inLanguage\":\"hr\"}]}<\/script>\n<!-- \/ Yoast SEO plugin. -->","yoast_head_json":{"title":"Kingmaker besplatne vrtnje | Osvoji stotine besplatnih vrtnji svaki tjedan","description":"Osvoji stotine Kingmaker besplatnih vrtnji i u\u017eivaj u uzbudljivim online slot igrama! Istra\u017ei dostupne ponude, promotivne kodove, uvjete odigravanja i jo\u0161 mnogo toga.","robots":{"index":"index","follow":"follow","max-snippet":"max-snippet:-1","max-image-preview":"max-image-preview:large","max-video-preview":"max-video-preview:-1"},"canonical":"https:\/\/kingmakercasino.info\/hr\/bonusi\/besplatni-spinovi\/","og_locale":"hr_HR","og_type":"article","og_title":"Kingmaker besplatne vrtnje | Osvoji stotine besplatnih vrtnji svaki tjedan","og_description":"Osvoji stotine Kingmaker besplatnih vrtnji i u\u017eivaj u uzbudljivim online slot igrama! Istra\u017ei dostupne ponude, promotivne kodove, uvjete odigravanja i jo\u0161 mnogo toga.","og_url":"https:\/\/kingmakercasino.info\/hr\/bonusi\/besplatni-spinovi\/","og_site_name":"Croatian Kingmaker Casino","og_image":[{"width":300,"height":300,"url":"https:\/\/kingmakercasino.info\/hr\/wp-content\/uploads\/sites\/8\/2026\/03\/hr-kingmaker-free-spins-featured.webp","type":"image\/webp"}],"twitter_card":"summary_large_image","twitter_misc":{"Procijenjeno vrijeme \u010ditanja":"1 minuta"},"schema":{"@context":"https:\/\/schema.org","@graph":[{"@type":"WebPage","@id":"https:\/\/kingmakercasino.info\/hr\/bonusi\/besplatni-spinovi\/","url":"https:\/\/kingmakercasino.info\/hr\/bonusi\/besplatni-spinovi\/","name":"Kingmaker besplatne vrtnje | Osvoji stotine besplatnih vrtnji svaki tjedan","isPartOf":{"@id":"https:\/\/kingmakercasino.info\/hr\/#website"},"datePublished":"2026-03-16T12:47:07+00:00","dateModified":"2026-03-16T12:47:07+00:00","description":"Osvoji stotine Kingmaker besplatnih vrtnji i u\u017eivaj u uzbudljivim online slot igrama! Istra\u017ei dostupne ponude, promotivne kodove, uvjete odigravanja i jo\u0161 mnogo toga.","breadcrumb":{"@id":"https:\/\/kingmakercasino.info\/hr\/bonusi\/besplatni-spinovi\/#breadcrumb"},"inLanguage":"hr","potentialAction":[{"@type":"ReadAction","target":["https:\/\/kingmakercasino.info\/hr\/bonusi\/besplatni-spinovi\/"]}]},{"@type":"BreadcrumbList","@id":"https:\/\/kingmakercasino.info\/hr\/bonusi\/besplatni-spinovi\/#breadcrumb","itemListElement":[{"@type":"ListItem","position":1,"name":"Home","item":"https:\/\/kingmakercasino.info\/hr\/"},{"@type":"ListItem","position":2,"name":"Kingmaker Casino Bonus","item":"https:\/\/kingmakercasino.info\/hr\/bonusi\/"},{"@type":"ListItem","position":3,"name":"Kingmaker besplatne vrtnje"}]},{"@type":"WebSite","@id":"https:\/\/kingmakercasino.info\/hr\/#website","url":"https:\/\/kingmakercasino.info\/hr\/","name":"Croatian Kingmaker Casino","description":"","potentialAction":[{"@type":"SearchAction","target":{"@type":"EntryPoint","urlTemplate":"https:\/\/kingmakercasino.info\/hr\/?s={search_term_string}"},"query-input":"required name=search_term_string"}],"inLanguage":"hr"}]}},"_links":{"self":[{"href":"https:\/\/kingmakercasino.info\/hr\/wp-json\/wp\/v2\/pages\/26"}],"collection":[{"href":"https:\/\/kingmakercasino.info\/hr\/wp-json\/wp\/v2\/pages"}],"about":[{"href":"https:\/\/kingmakercasino.info\/hr\/wp-json\/wp\/v2\/types\/page"}],"author":[{"embeddable":true,"href":"https:\/\/kingmakercasino.info\/hr\/wp-json\/wp\/v2\/users\/1"}],"replies":[{"embeddable":true,"href":"https:\/\/kingmakercasino.info\/hr\/wp-json\/wp\/v2\/comments?post=26"}],"version-history":[{"count":5,"href":"https:\/\/kingmakercasino.info\/hr\/wp-json\/wp\/v2\/pages\/26\/revisions"}],"predecessor-version":[{"id":38,"href":"https:\/\/kingmakercasino.info\/hr\/wp-json\/wp\/v2\/pages\/26\/revisions\/38"}],"up":[{"embeddable":true,"href":"https:\/\/kingmakercasino.info\/hr\/wp-json\/wp\/v2\/pages\/9"}],"wp:featuredmedia":[{"embeddable":true,"href":"https:\/\/kingmakercasino.info\/hr\/wp-json\/wp\/v2\/media\/27"}],"wp:attachment":[{"href":"https:\/\/kingmakercasino.info\/hr\/wp-json\/wp\/v2\/media?parent=26"}],"curies":[{"name":"wp","href":"https:\/\/api.w.org\/{rel}","templated":true}]}}