{"id":64,"date":"2026-03-12T13:33:25","date_gmt":"2026-03-12T13:33:25","guid":{"rendered":"https:\/\/kingmakercasino.info\/fi\/?page_id=64"},"modified":"2026-03-12T14:57:23","modified_gmt":"2026-03-12T14:57:23","slug":"ilmaiskierrokset-ilman-talletusta","status":"publish","type":"page","link":"https:\/\/kingmakercasino.info\/fi\/bonukset\/ilmaiskierrokset-ilman-talletusta\/","title":{"rendered":"Kingmaker No Deposit Free Spins"},"content":{"rendered":"","protected":false},"excerpt":{"rendered":"","protected":false},"author":1,"featured_media":65,"parent":44,"menu_order":0,"comment_status":"closed","ping_status":"closed","template":"","meta":{"_acf_changed":false,"footnotes":""},"acf":[],"yoast_head":"<!-- This site is optimized with the Yoast SEO plugin v22.0 - https:\/\/yoast.com\/wordpress\/plugins\/seo\/ -->\n<title>Kingmaker ilmaiskierrokset ilman talletusta | Lunasta bonuksesi t\u00e4n\u00e4\u00e4n<\/title>\n<meta name=\"description\" content=\"Hy\u00f6dynn\u00e4 Kingmakerin ilmaiskierrokset ilman talletusta ja pelaa j\u00e4nnitt\u00e4vi\u00e4 kolikkopelej\u00e4 riskeeraamatta omia varojasi. L\u00f6yd\u00e4 saatavilla olevat tarjoukset ja aloita pelaaminen jo t\u00e4n\u00e4\u00e4n!\" \/>\n<meta name=\"robots\" content=\"index, follow, max-snippet:-1, max-image-preview:large, max-video-preview:-1\" \/>\n<link rel=\"canonical\" href=\"https:\/\/kingmakercasino.info\/fi\/bonukset\/ilmaiskierrokset-ilman-talletusta\/\" \/>\n<meta property=\"og:locale\" content=\"fi_FI\" \/>\n<meta property=\"og:type\" content=\"article\" \/>\n<meta property=\"og:title\" content=\"Kingmaker ilmaiskierrokset ilman talletusta | Lunasta bonuksesi t\u00e4n\u00e4\u00e4n\" \/>\n<meta property=\"og:description\" content=\"Hy\u00f6dynn\u00e4 Kingmakerin ilmaiskierrokset ilman talletusta ja pelaa j\u00e4nnitt\u00e4vi\u00e4 kolikkopelej\u00e4 riskeeraamatta omia varojasi. L\u00f6yd\u00e4 saatavilla olevat tarjoukset ja aloita pelaaminen jo t\u00e4n\u00e4\u00e4n!\" \/>\n<meta property=\"og:url\" content=\"https:\/\/kingmakercasino.info\/fi\/bonukset\/ilmaiskierrokset-ilman-talletusta\/\" \/>\n<meta property=\"og:site_name\" content=\"Kingmaker Casino Finnish\" \/>\n<meta property=\"article:modified_time\" content=\"2026-03-12T14:57:23+00:00\" \/>\n<meta property=\"og:image\" content=\"https:\/\/kingmakercasino.info\/fi\/wp-content\/uploads\/sites\/7\/2026\/03\/fl-kingmaker-no-deposit-free-spins-featured.webp\" \/>\n\t<meta property=\"og:image:width\" content=\"300\" \/>\n\t<meta property=\"og:image:height\" content=\"300\" \/>\n\t<meta property=\"og:image:type\" content=\"image\/webp\" \/>\n<meta name=\"twitter:card\" content=\"summary_large_image\" \/>\n<meta name=\"twitter:label1\" content=\"Arvioitu lukuaika\" \/>\n\t<meta name=\"twitter:data1\" content=\"1 minuutti\" \/>\n<script type=\"application\/ld+json\" class=\"yoast-schema-graph\">{\"@context\":\"https:\/\/schema.org\",\"@graph\":[{\"@type\":\"WebPage\",\"@id\":\"https:\/\/kingmakercasino.info\/fi\/bonukset\/ilmaiskierrokset-ilman-talletusta\/\",\"url\":\"https:\/\/kingmakercasino.info\/fi\/bonukset\/ilmaiskierrokset-ilman-talletusta\/\",\"name\":\"Kingmaker ilmaiskierrokset ilman talletusta | Lunasta bonuksesi t\u00e4n\u00e4\u00e4n\",\"isPartOf\":{\"@id\":\"https:\/\/kingmakercasino.info\/fi\/#website\"},\"datePublished\":\"2026-03-12T13:33:25+00:00\",\"dateModified\":\"2026-03-12T14:57:23+00:00\",\"description\":\"Hy\u00f6dynn\u00e4 Kingmakerin ilmaiskierrokset ilman talletusta ja pelaa j\u00e4nnitt\u00e4vi\u00e4 kolikkopelej\u00e4 riskeeraamatta omia varojasi. L\u00f6yd\u00e4 saatavilla olevat tarjoukset ja aloita pelaaminen jo t\u00e4n\u00e4\u00e4n!\",\"breadcrumb\":{\"@id\":\"https:\/\/kingmakercasino.info\/fi\/bonukset\/ilmaiskierrokset-ilman-talletusta\/#breadcrumb\"},\"inLanguage\":\"fi\",\"potentialAction\":[{\"@type\":\"ReadAction\",\"target\":[\"https:\/\/kingmakercasino.info\/fi\/bonukset\/ilmaiskierrokset-ilman-talletusta\/\"]}]},{\"@type\":\"BreadcrumbList\",\"@id\":\"https:\/\/kingmakercasino.info\/fi\/bonukset\/ilmaiskierrokset-ilman-talletusta\/#breadcrumb\",\"itemListElement\":[{\"@type\":\"ListItem\",\"position\":1,\"name\":\"Home\",\"item\":\"https:\/\/kingmakercasino.info\/fi\/\"},{\"@type\":\"ListItem\",\"position\":2,\"name\":\"Kingmaker Casino Bonus\",\"item\":\"https:\/\/kingmakercasino.info\/fi\/bonukset\/\"},{\"@type\":\"ListItem\",\"position\":3,\"name\":\"Kingmaker No Deposit Free Spins\"}]},{\"@type\":\"WebSite\",\"@id\":\"https:\/\/kingmakercasino.info\/fi\/#website\",\"url\":\"https:\/\/kingmakercasino.info\/fi\/\",\"name\":\"Kingmaker Casino Finnish\",\"description\":\"\",\"potentialAction\":[{\"@type\":\"SearchAction\",\"target\":{\"@type\":\"EntryPoint\",\"urlTemplate\":\"https:\/\/kingmakercasino.info\/fi\/?s={search_term_string}\"},\"query-input\":\"required name=search_term_string\"}],\"inLanguage\":\"fi\"}]}<\/script>\n<!-- \/ Yoast SEO plugin. -->","yoast_head_json":{"title":"Kingmaker ilmaiskierrokset ilman talletusta | Lunasta bonuksesi t\u00e4n\u00e4\u00e4n","description":"Hy\u00f6dynn\u00e4 Kingmakerin ilmaiskierrokset ilman talletusta ja pelaa j\u00e4nnitt\u00e4vi\u00e4 kolikkopelej\u00e4 riskeeraamatta omia varojasi. L\u00f6yd\u00e4 saatavilla olevat tarjoukset ja aloita pelaaminen jo t\u00e4n\u00e4\u00e4n!","robots":{"index":"index","follow":"follow","max-snippet":"max-snippet:-1","max-image-preview":"max-image-preview:large","max-video-preview":"max-video-preview:-1"},"canonical":"https:\/\/kingmakercasino.info\/fi\/bonukset\/ilmaiskierrokset-ilman-talletusta\/","og_locale":"fi_FI","og_type":"article","og_title":"Kingmaker ilmaiskierrokset ilman talletusta | Lunasta bonuksesi t\u00e4n\u00e4\u00e4n","og_description":"Hy\u00f6dynn\u00e4 Kingmakerin ilmaiskierrokset ilman talletusta ja pelaa j\u00e4nnitt\u00e4vi\u00e4 kolikkopelej\u00e4 riskeeraamatta omia varojasi. L\u00f6yd\u00e4 saatavilla olevat tarjoukset ja aloita pelaaminen jo t\u00e4n\u00e4\u00e4n!","og_url":"https:\/\/kingmakercasino.info\/fi\/bonukset\/ilmaiskierrokset-ilman-talletusta\/","og_site_name":"Kingmaker Casino Finnish","article_modified_time":"2026-03-12T14:57:23+00:00","og_image":[{"width":300,"height":300,"url":"https:\/\/kingmakercasino.info\/fi\/wp-content\/uploads\/sites\/7\/2026\/03\/fl-kingmaker-no-deposit-free-spins-featured.webp","type":"image\/webp"}],"twitter_card":"summary_large_image","twitter_misc":{"Arvioitu lukuaika":"1 minuutti"},"schema":{"@context":"https:\/\/schema.org","@graph":[{"@type":"WebPage","@id":"https:\/\/kingmakercasino.info\/fi\/bonukset\/ilmaiskierrokset-ilman-talletusta\/","url":"https:\/\/kingmakercasino.info\/fi\/bonukset\/ilmaiskierrokset-ilman-talletusta\/","name":"Kingmaker ilmaiskierrokset ilman talletusta | Lunasta bonuksesi t\u00e4n\u00e4\u00e4n","isPartOf":{"@id":"https:\/\/kingmakercasino.info\/fi\/#website"},"datePublished":"2026-03-12T13:33:25+00:00","dateModified":"2026-03-12T14:57:23+00:00","description":"Hy\u00f6dynn\u00e4 Kingmakerin ilmaiskierrokset ilman talletusta ja pelaa j\u00e4nnitt\u00e4vi\u00e4 kolikkopelej\u00e4 riskeeraamatta omia varojasi. L\u00f6yd\u00e4 saatavilla olevat tarjoukset ja aloita pelaaminen jo t\u00e4n\u00e4\u00e4n!","breadcrumb":{"@id":"https:\/\/kingmakercasino.info\/fi\/bonukset\/ilmaiskierrokset-ilman-talletusta\/#breadcrumb"},"inLanguage":"fi","potentialAction":[{"@type":"ReadAction","target":["https:\/\/kingmakercasino.info\/fi\/bonukset\/ilmaiskierrokset-ilman-talletusta\/"]}]},{"@type":"BreadcrumbList","@id":"https:\/\/kingmakercasino.info\/fi\/bonukset\/ilmaiskierrokset-ilman-talletusta\/#breadcrumb","itemListElement":[{"@type":"ListItem","position":1,"name":"Home","item":"https:\/\/kingmakercasino.info\/fi\/"},{"@type":"ListItem","position":2,"name":"Kingmaker Casino Bonus","item":"https:\/\/kingmakercasino.info\/fi\/bonukset\/"},{"@type":"ListItem","position":3,"name":"Kingmaker No Deposit Free Spins"}]},{"@type":"WebSite","@id":"https:\/\/kingmakercasino.info\/fi\/#website","url":"https:\/\/kingmakercasino.info\/fi\/","name":"Kingmaker Casino Finnish","description":"","potentialAction":[{"@type":"SearchAction","target":{"@type":"EntryPoint","urlTemplate":"https:\/\/kingmakercasino.info\/fi\/?s={search_term_string}"},"query-input":"required name=search_term_string"}],"inLanguage":"fi"}]}},"_links":{"self":[{"href":"https:\/\/kingmakercasino.info\/fi\/wp-json\/wp\/v2\/pages\/64"}],"collection":[{"href":"https:\/\/kingmakercasino.info\/fi\/wp-json\/wp\/v2\/pages"}],"about":[{"href":"https:\/\/kingmakercasino.info\/fi\/wp-json\/wp\/v2\/types\/page"}],"author":[{"embeddable":true,"href":"https:\/\/kingmakercasino.info\/fi\/wp-json\/wp\/v2\/users\/1"}],"replies":[{"embeddable":true,"href":"https:\/\/kingmakercasino.info\/fi\/wp-json\/wp\/v2\/comments?post=64"}],"version-history":[{"count":7,"href":"https:\/\/kingmakercasino.info\/fi\/wp-json\/wp\/v2\/pages\/64\/revisions"}],"predecessor-version":[{"id":102,"href":"https:\/\/kingmakercasino.info\/fi\/wp-json\/wp\/v2\/pages\/64\/revisions\/102"}],"up":[{"embeddable":true,"href":"https:\/\/kingmakercasino.info\/fi\/wp-json\/wp\/v2\/pages\/44"}],"wp:featuredmedia":[{"embeddable":true,"href":"https:\/\/kingmakercasino.info\/fi\/wp-json\/wp\/v2\/media\/65"}],"wp:attachment":[{"href":"https:\/\/kingmakercasino.info\/fi\/wp-json\/wp\/v2\/media?parent=64"}],"curies":[{"name":"wp","href":"https:\/\/api.w.org\/{rel}","templated":true}]}}