{"id":29,"date":"2026-03-12T09:25:18","date_gmt":"2026-03-12T09:25:18","guid":{"rendered":"https:\/\/kingmakercasino.info\/fi\/?page_id=29"},"modified":"2026-03-12T14:56:15","modified_gmt":"2026-03-12T14:56:15","slug":"bonuskoodit","status":"publish","type":"page","link":"https:\/\/kingmakercasino.info\/fi\/bonukset\/bonuskoodit\/","title":{"rendered":"Kingmaker Casino Promo Codes"},"content":{"rendered":"","protected":false},"excerpt":{"rendered":"","protected":false},"author":1,"featured_media":23,"parent":44,"menu_order":0,"comment_status":"closed","ping_status":"closed","template":"","meta":{"_acf_changed":false,"footnotes":""},"acf":[],"yoast_head":"<!-- This site is optimized with the Yoast SEO plugin v22.0 - https:\/\/yoast.com\/wordpress\/plugins\/seo\/ -->\n<title>Kingmaker Casino - Kampanjakoodit | L\u00f6yd\u00e4 parhaat tarjoukset<\/title>\n<meta name=\"description\" content=\"L\u00f6yd\u00e4 parhaat Kingmaker Casinon kampanjakoodit ja avaa j\u00e4nnitt\u00e4vi\u00e4 bonuksia, ilmaiskierroksia sek\u00e4 paljon muuta. Hy\u00f6dynn\u00e4 uusimmat tarjoukset ja maksimoi palkintosi jo t\u00e4n\u00e4\u00e4n!\" \/>\n<meta name=\"robots\" content=\"index, follow, max-snippet:-1, max-image-preview:large, max-video-preview:-1\" \/>\n<link rel=\"canonical\" href=\"https:\/\/kingmakercasino.info\/fi\/bonukset\/bonuskoodit\/\" \/>\n<meta property=\"og:locale\" content=\"fi_FI\" \/>\n<meta property=\"og:type\" content=\"article\" \/>\n<meta property=\"og:title\" content=\"Kingmaker Casino - Kampanjakoodit | L\u00f6yd\u00e4 parhaat tarjoukset\" \/>\n<meta property=\"og:description\" content=\"L\u00f6yd\u00e4 parhaat Kingmaker Casinon kampanjakoodit ja avaa j\u00e4nnitt\u00e4vi\u00e4 bonuksia, ilmaiskierroksia sek\u00e4 paljon muuta. Hy\u00f6dynn\u00e4 uusimmat tarjoukset ja maksimoi palkintosi jo t\u00e4n\u00e4\u00e4n!\" \/>\n<meta property=\"og:url\" content=\"https:\/\/kingmakercasino.info\/fi\/bonukset\/bonuskoodit\/\" \/>\n<meta property=\"og:site_name\" content=\"Kingmaker Casino Finnish\" \/>\n<meta property=\"article:modified_time\" content=\"2026-03-12T14:56:15+00:00\" \/>\n<meta property=\"og:image\" content=\"https:\/\/kingmakercasino.info\/fi\/wp-content\/uploads\/sites\/7\/2026\/03\/fl-kingmaker-slots-featured.webp\" \/>\n\t<meta property=\"og:image:width\" content=\"300\" \/>\n\t<meta property=\"og:image:height\" content=\"300\" \/>\n\t<meta property=\"og:image:type\" content=\"image\/webp\" \/>\n<meta name=\"twitter:card\" content=\"summary_large_image\" \/>\n<meta name=\"twitter:label1\" content=\"Arvioitu lukuaika\" \/>\n\t<meta name=\"twitter:data1\" content=\"1 minuutti\" \/>\n<script type=\"application\/ld+json\" class=\"yoast-schema-graph\">{\"@context\":\"https:\/\/schema.org\",\"@graph\":[{\"@type\":\"WebPage\",\"@id\":\"https:\/\/kingmakercasino.info\/fi\/bonukset\/bonuskoodit\/\",\"url\":\"https:\/\/kingmakercasino.info\/fi\/bonukset\/bonuskoodit\/\",\"name\":\"Kingmaker Casino - Kampanjakoodit | L\u00f6yd\u00e4 parhaat tarjoukset\",\"isPartOf\":{\"@id\":\"https:\/\/kingmakercasino.info\/fi\/#website\"},\"datePublished\":\"2026-03-12T09:25:18+00:00\",\"dateModified\":\"2026-03-12T14:56:15+00:00\",\"description\":\"L\u00f6yd\u00e4 parhaat Kingmaker Casinon kampanjakoodit ja avaa j\u00e4nnitt\u00e4vi\u00e4 bonuksia, ilmaiskierroksia sek\u00e4 paljon muuta. Hy\u00f6dynn\u00e4 uusimmat tarjoukset ja maksimoi palkintosi jo t\u00e4n\u00e4\u00e4n!\",\"breadcrumb\":{\"@id\":\"https:\/\/kingmakercasino.info\/fi\/bonukset\/bonuskoodit\/#breadcrumb\"},\"inLanguage\":\"fi\",\"potentialAction\":[{\"@type\":\"ReadAction\",\"target\":[\"https:\/\/kingmakercasino.info\/fi\/bonukset\/bonuskoodit\/\"]}]},{\"@type\":\"BreadcrumbList\",\"@id\":\"https:\/\/kingmakercasino.info\/fi\/bonukset\/bonuskoodit\/#breadcrumb\",\"itemListElement\":[{\"@type\":\"ListItem\",\"position\":1,\"name\":\"Home\",\"item\":\"https:\/\/kingmakercasino.info\/fi\/\"},{\"@type\":\"ListItem\",\"position\":2,\"name\":\"Kingmaker Casino Bonus\",\"item\":\"https:\/\/kingmakercasino.info\/fi\/bonukset\/\"},{\"@type\":\"ListItem\",\"position\":3,\"name\":\"Kingmaker Casino Promo Codes\"}]},{\"@type\":\"WebSite\",\"@id\":\"https:\/\/kingmakercasino.info\/fi\/#website\",\"url\":\"https:\/\/kingmakercasino.info\/fi\/\",\"name\":\"Kingmaker Casino Finnish\",\"description\":\"\",\"potentialAction\":[{\"@type\":\"SearchAction\",\"target\":{\"@type\":\"EntryPoint\",\"urlTemplate\":\"https:\/\/kingmakercasino.info\/fi\/?s={search_term_string}\"},\"query-input\":\"required name=search_term_string\"}],\"inLanguage\":\"fi\"}]}<\/script>\n<!-- \/ Yoast SEO plugin. -->","yoast_head_json":{"title":"Kingmaker Casino - Kampanjakoodit | L\u00f6yd\u00e4 parhaat tarjoukset","description":"L\u00f6yd\u00e4 parhaat Kingmaker Casinon kampanjakoodit ja avaa j\u00e4nnitt\u00e4vi\u00e4 bonuksia, ilmaiskierroksia sek\u00e4 paljon muuta. Hy\u00f6dynn\u00e4 uusimmat tarjoukset ja maksimoi palkintosi jo t\u00e4n\u00e4\u00e4n!","robots":{"index":"index","follow":"follow","max-snippet":"max-snippet:-1","max-image-preview":"max-image-preview:large","max-video-preview":"max-video-preview:-1"},"canonical":"https:\/\/kingmakercasino.info\/fi\/bonukset\/bonuskoodit\/","og_locale":"fi_FI","og_type":"article","og_title":"Kingmaker Casino - Kampanjakoodit | L\u00f6yd\u00e4 parhaat tarjoukset","og_description":"L\u00f6yd\u00e4 parhaat Kingmaker Casinon kampanjakoodit ja avaa j\u00e4nnitt\u00e4vi\u00e4 bonuksia, ilmaiskierroksia sek\u00e4 paljon muuta. Hy\u00f6dynn\u00e4 uusimmat tarjoukset ja maksimoi palkintosi jo t\u00e4n\u00e4\u00e4n!","og_url":"https:\/\/kingmakercasino.info\/fi\/bonukset\/bonuskoodit\/","og_site_name":"Kingmaker Casino Finnish","article_modified_time":"2026-03-12T14:56:15+00:00","og_image":[{"width":300,"height":300,"url":"https:\/\/kingmakercasino.info\/fi\/wp-content\/uploads\/sites\/7\/2026\/03\/fl-kingmaker-slots-featured.webp","type":"image\/webp"}],"twitter_card":"summary_large_image","twitter_misc":{"Arvioitu lukuaika":"1 minuutti"},"schema":{"@context":"https:\/\/schema.org","@graph":[{"@type":"WebPage","@id":"https:\/\/kingmakercasino.info\/fi\/bonukset\/bonuskoodit\/","url":"https:\/\/kingmakercasino.info\/fi\/bonukset\/bonuskoodit\/","name":"Kingmaker Casino - Kampanjakoodit | L\u00f6yd\u00e4 parhaat tarjoukset","isPartOf":{"@id":"https:\/\/kingmakercasino.info\/fi\/#website"},"datePublished":"2026-03-12T09:25:18+00:00","dateModified":"2026-03-12T14:56:15+00:00","description":"L\u00f6yd\u00e4 parhaat Kingmaker Casinon kampanjakoodit ja avaa j\u00e4nnitt\u00e4vi\u00e4 bonuksia, ilmaiskierroksia sek\u00e4 paljon muuta. Hy\u00f6dynn\u00e4 uusimmat tarjoukset ja maksimoi palkintosi jo t\u00e4n\u00e4\u00e4n!","breadcrumb":{"@id":"https:\/\/kingmakercasino.info\/fi\/bonukset\/bonuskoodit\/#breadcrumb"},"inLanguage":"fi","potentialAction":[{"@type":"ReadAction","target":["https:\/\/kingmakercasino.info\/fi\/bonukset\/bonuskoodit\/"]}]},{"@type":"BreadcrumbList","@id":"https:\/\/kingmakercasino.info\/fi\/bonukset\/bonuskoodit\/#breadcrumb","itemListElement":[{"@type":"ListItem","position":1,"name":"Home","item":"https:\/\/kingmakercasino.info\/fi\/"},{"@type":"ListItem","position":2,"name":"Kingmaker Casino Bonus","item":"https:\/\/kingmakercasino.info\/fi\/bonukset\/"},{"@type":"ListItem","position":3,"name":"Kingmaker Casino Promo Codes"}]},{"@type":"WebSite","@id":"https:\/\/kingmakercasino.info\/fi\/#website","url":"https:\/\/kingmakercasino.info\/fi\/","name":"Kingmaker Casino Finnish","description":"","potentialAction":[{"@type":"SearchAction","target":{"@type":"EntryPoint","urlTemplate":"https:\/\/kingmakercasino.info\/fi\/?s={search_term_string}"},"query-input":"required name=search_term_string"}],"inLanguage":"fi"}]}},"_links":{"self":[{"href":"https:\/\/kingmakercasino.info\/fi\/wp-json\/wp\/v2\/pages\/29"}],"collection":[{"href":"https:\/\/kingmakercasino.info\/fi\/wp-json\/wp\/v2\/pages"}],"about":[{"href":"https:\/\/kingmakercasino.info\/fi\/wp-json\/wp\/v2\/types\/page"}],"author":[{"embeddable":true,"href":"https:\/\/kingmakercasino.info\/fi\/wp-json\/wp\/v2\/users\/1"}],"replies":[{"embeddable":true,"href":"https:\/\/kingmakercasino.info\/fi\/wp-json\/wp\/v2\/comments?post=29"}],"version-history":[{"count":8,"href":"https:\/\/kingmakercasino.info\/fi\/wp-json\/wp\/v2\/pages\/29\/revisions"}],"predecessor-version":[{"id":100,"href":"https:\/\/kingmakercasino.info\/fi\/wp-json\/wp\/v2\/pages\/29\/revisions\/100"}],"up":[{"embeddable":true,"href":"https:\/\/kingmakercasino.info\/fi\/wp-json\/wp\/v2\/pages\/44"}],"wp:featuredmedia":[{"embeddable":true,"href":"https:\/\/kingmakercasino.info\/fi\/wp-json\/wp\/v2\/media\/23"}],"wp:attachment":[{"href":"https:\/\/kingmakercasino.info\/fi\/wp-json\/wp\/v2\/media?parent=29"}],"curies":[{"name":"wp","href":"https:\/\/api.w.org\/{rel}","templated":true}]}}