{"id":25,"date":"2026-03-11T10:09:10","date_gmt":"2026-03-11T10:09:10","guid":{"rendered":"https:\/\/kingmakercasino.info\/fi\/?page_id=25"},"modified":"2026-03-11T10:09:10","modified_gmt":"2026-03-11T10:09:10","slug":"sovellus","status":"publish","type":"page","link":"https:\/\/kingmakercasino.info\/fi\/sovellus\/","title":{"rendered":"Kingmaker Casino sovellus"},"content":{"rendered":"","protected":false},"excerpt":{"rendered":"","protected":false},"author":1,"featured_media":0,"parent":0,"menu_order":0,"comment_status":"closed","ping_status":"closed","template":"","meta":{"_acf_changed":false,"footnotes":""},"acf":[],"yoast_head":"<!-- This site is optimized with the Yoast SEO plugin v22.0 - https:\/\/yoast.com\/wordpress\/plugins\/seo\/ -->\n<title>Kingmaker Casino -sovellusarvostelu \u2013 Mobiilikokemus, bonukset &amp; pelit<\/title>\n<meta name=\"description\" content=\"Tutustu Kingmakerin kasinosovelluksen kokemukseen. Pelaa kolikkopelej\u00e4, p\u00f6yt\u00e4pelej\u00e4 ja livekasinoa mobiilissa t\u00e4ysill\u00e4 bonuksilla, ilmaiskierroksilla ja sujuvalla selainpelaamisella \u2014 latausta ei tarvita.\" \/>\n<meta name=\"robots\" content=\"index, follow, max-snippet:-1, max-image-preview:large, max-video-preview:-1\" \/>\n<link rel=\"canonical\" href=\"https:\/\/kingmakercasino.info\/fi\/sovellus\/\" \/>\n<meta property=\"og:locale\" content=\"fi_FI\" \/>\n<meta property=\"og:type\" content=\"article\" \/>\n<meta property=\"og:title\" content=\"Kingmaker Casino -sovellusarvostelu \u2013 Mobiilikokemus, bonukset &amp; pelit\" \/>\n<meta property=\"og:description\" content=\"Tutustu Kingmakerin kasinosovelluksen kokemukseen. Pelaa kolikkopelej\u00e4, p\u00f6yt\u00e4pelej\u00e4 ja livekasinoa mobiilissa t\u00e4ysill\u00e4 bonuksilla, ilmaiskierroksilla ja sujuvalla selainpelaamisella \u2014 latausta ei tarvita.\" \/>\n<meta property=\"og:url\" content=\"https:\/\/kingmakercasino.info\/fi\/sovellus\/\" \/>\n<meta property=\"og:site_name\" content=\"Kingmaker Casino Finnish\" \/>\n<meta name=\"twitter:card\" content=\"summary_large_image\" \/>\n<script type=\"application\/ld+json\" class=\"yoast-schema-graph\">{\"@context\":\"https:\/\/schema.org\",\"@graph\":[{\"@type\":\"WebPage\",\"@id\":\"https:\/\/kingmakercasino.info\/fi\/sovellus\/\",\"url\":\"https:\/\/kingmakercasino.info\/fi\/sovellus\/\",\"name\":\"Kingmaker Casino -sovellusarvostelu \u2013 Mobiilikokemus, bonukset & pelit\",\"isPartOf\":{\"@id\":\"https:\/\/kingmakercasino.info\/fi\/#website\"},\"datePublished\":\"2026-03-11T10:09:10+00:00\",\"dateModified\":\"2026-03-11T10:09:10+00:00\",\"description\":\"Tutustu Kingmakerin kasinosovelluksen kokemukseen. Pelaa kolikkopelej\u00e4, p\u00f6yt\u00e4pelej\u00e4 ja livekasinoa mobiilissa t\u00e4ysill\u00e4 bonuksilla, ilmaiskierroksilla ja sujuvalla selainpelaamisella \u2014 latausta ei tarvita.\",\"breadcrumb\":{\"@id\":\"https:\/\/kingmakercasino.info\/fi\/sovellus\/#breadcrumb\"},\"inLanguage\":\"fi\",\"potentialAction\":[{\"@type\":\"ReadAction\",\"target\":[\"https:\/\/kingmakercasino.info\/fi\/sovellus\/\"]}]},{\"@type\":\"BreadcrumbList\",\"@id\":\"https:\/\/kingmakercasino.info\/fi\/sovellus\/#breadcrumb\",\"itemListElement\":[{\"@type\":\"ListItem\",\"position\":1,\"name\":\"Home\",\"item\":\"https:\/\/kingmakercasino.info\/fi\/\"},{\"@type\":\"ListItem\",\"position\":2,\"name\":\"Kingmaker Casino sovellus\"}]},{\"@type\":\"WebSite\",\"@id\":\"https:\/\/kingmakercasino.info\/fi\/#website\",\"url\":\"https:\/\/kingmakercasino.info\/fi\/\",\"name\":\"Kingmaker Casino Finnish\",\"description\":\"\",\"potentialAction\":[{\"@type\":\"SearchAction\",\"target\":{\"@type\":\"EntryPoint\",\"urlTemplate\":\"https:\/\/kingmakercasino.info\/fi\/?s={search_term_string}\"},\"query-input\":\"required name=search_term_string\"}],\"inLanguage\":\"fi\"}]}<\/script>\n<!-- \/ Yoast SEO plugin. -->","yoast_head_json":{"title":"Kingmaker Casino -sovellusarvostelu \u2013 Mobiilikokemus, bonukset & pelit","description":"Tutustu Kingmakerin kasinosovelluksen kokemukseen. Pelaa kolikkopelej\u00e4, p\u00f6yt\u00e4pelej\u00e4 ja livekasinoa mobiilissa t\u00e4ysill\u00e4 bonuksilla, ilmaiskierroksilla ja sujuvalla selainpelaamisella \u2014 latausta ei tarvita.","robots":{"index":"index","follow":"follow","max-snippet":"max-snippet:-1","max-image-preview":"max-image-preview:large","max-video-preview":"max-video-preview:-1"},"canonical":"https:\/\/kingmakercasino.info\/fi\/sovellus\/","og_locale":"fi_FI","og_type":"article","og_title":"Kingmaker Casino -sovellusarvostelu \u2013 Mobiilikokemus, bonukset & pelit","og_description":"Tutustu Kingmakerin kasinosovelluksen kokemukseen. Pelaa kolikkopelej\u00e4, p\u00f6yt\u00e4pelej\u00e4 ja livekasinoa mobiilissa t\u00e4ysill\u00e4 bonuksilla, ilmaiskierroksilla ja sujuvalla selainpelaamisella \u2014 latausta ei tarvita.","og_url":"https:\/\/kingmakercasino.info\/fi\/sovellus\/","og_site_name":"Kingmaker Casino Finnish","twitter_card":"summary_large_image","schema":{"@context":"https:\/\/schema.org","@graph":[{"@type":"WebPage","@id":"https:\/\/kingmakercasino.info\/fi\/sovellus\/","url":"https:\/\/kingmakercasino.info\/fi\/sovellus\/","name":"Kingmaker Casino -sovellusarvostelu \u2013 Mobiilikokemus, bonukset & pelit","isPartOf":{"@id":"https:\/\/kingmakercasino.info\/fi\/#website"},"datePublished":"2026-03-11T10:09:10+00:00","dateModified":"2026-03-11T10:09:10+00:00","description":"Tutustu Kingmakerin kasinosovelluksen kokemukseen. Pelaa kolikkopelej\u00e4, p\u00f6yt\u00e4pelej\u00e4 ja livekasinoa mobiilissa t\u00e4ysill\u00e4 bonuksilla, ilmaiskierroksilla ja sujuvalla selainpelaamisella \u2014 latausta ei tarvita.","breadcrumb":{"@id":"https:\/\/kingmakercasino.info\/fi\/sovellus\/#breadcrumb"},"inLanguage":"fi","potentialAction":[{"@type":"ReadAction","target":["https:\/\/kingmakercasino.info\/fi\/sovellus\/"]}]},{"@type":"BreadcrumbList","@id":"https:\/\/kingmakercasino.info\/fi\/sovellus\/#breadcrumb","itemListElement":[{"@type":"ListItem","position":1,"name":"Home","item":"https:\/\/kingmakercasino.info\/fi\/"},{"@type":"ListItem","position":2,"name":"Kingmaker Casino sovellus"}]},{"@type":"WebSite","@id":"https:\/\/kingmakercasino.info\/fi\/#website","url":"https:\/\/kingmakercasino.info\/fi\/","name":"Kingmaker Casino Finnish","description":"","potentialAction":[{"@type":"SearchAction","target":{"@type":"EntryPoint","urlTemplate":"https:\/\/kingmakercasino.info\/fi\/?s={search_term_string}"},"query-input":"required name=search_term_string"}],"inLanguage":"fi"}]}},"_links":{"self":[{"href":"https:\/\/kingmakercasino.info\/fi\/wp-json\/wp\/v2\/pages\/25"}],"collection":[{"href":"https:\/\/kingmakercasino.info\/fi\/wp-json\/wp\/v2\/pages"}],"about":[{"href":"https:\/\/kingmakercasino.info\/fi\/wp-json\/wp\/v2\/types\/page"}],"author":[{"embeddable":true,"href":"https:\/\/kingmakercasino.info\/fi\/wp-json\/wp\/v2\/users\/1"}],"replies":[{"embeddable":true,"href":"https:\/\/kingmakercasino.info\/fi\/wp-json\/wp\/v2\/comments?post=25"}],"version-history":[{"count":1,"href":"https:\/\/kingmakercasino.info\/fi\/wp-json\/wp\/v2\/pages\/25\/revisions"}],"predecessor-version":[{"id":26,"href":"https:\/\/kingmakercasino.info\/fi\/wp-json\/wp\/v2\/pages\/25\/revisions\/26"}],"wp:attachment":[{"href":"https:\/\/kingmakercasino.info\/fi\/wp-json\/wp\/v2\/media?parent=25"}],"curies":[{"name":"wp","href":"https:\/\/api.w.org\/{rel}","templated":true}]}}