{"id":22,"date":"2026-03-11T10:05:24","date_gmt":"2026-03-11T10:05:24","guid":{"rendered":"https:\/\/kingmakercasino.info\/fi\/?page_id=22"},"modified":"2026-03-11T10:05:24","modified_gmt":"2026-03-11T10:05:24","slug":"kolikkopelit","status":"publish","type":"page","link":"https:\/\/kingmakercasino.info\/fi\/kolikkopelit\/","title":{"rendered":"Kingmaker-kasinokolikkopelit"},"content":{"rendered":"","protected":false},"excerpt":{"rendered":"","protected":false},"author":1,"featured_media":23,"parent":0,"menu_order":0,"comment_status":"closed","ping_status":"closed","template":"","meta":{"_acf_changed":false,"footnotes":""},"acf":[],"yoast_head":"<!-- This site is optimized with the Yoast SEO plugin v22.0 - https:\/\/yoast.com\/wordpress\/plugins\/seo\/ -->\n<title>Kingmaker-kasinokolikkopelit \u2013 Pelaa Kingmaker-kolikkopelej\u00e4 &amp; ilmaiskierroksia<\/title>\n<meta name=\"description\" content=\"L\u00f6yd\u00e4 laaja valikoima Kingmaker-kasinokolikkopelej\u00e4, mukaan lukien klassiset, videokolikkopelit ja progressiiviset j\u00e4ttipottipelit. Nauti Kingmakerin ilmaisista kolikkopeleist\u00e4, demopeleist\u00e4 ja eksklusiivisista bonuksista. Aloita py\u00f6r\u00e4ytykset ja voita jo t\u00e4n\u00e4\u00e4n!\" \/>\n<meta name=\"robots\" content=\"index, follow, max-snippet:-1, max-image-preview:large, max-video-preview:-1\" \/>\n<link rel=\"canonical\" href=\"https:\/\/kingmakercasino.info\/fi\/kolikkopelit\/\" \/>\n<meta property=\"og:locale\" content=\"fi_FI\" \/>\n<meta property=\"og:type\" content=\"article\" \/>\n<meta property=\"og:title\" content=\"Kingmaker-kasinokolikkopelit \u2013 Pelaa Kingmaker-kolikkopelej\u00e4 &amp; ilmaiskierroksia\" \/>\n<meta property=\"og:description\" content=\"L\u00f6yd\u00e4 laaja valikoima Kingmaker-kasinokolikkopelej\u00e4, mukaan lukien klassiset, videokolikkopelit ja progressiiviset j\u00e4ttipottipelit. Nauti Kingmakerin ilmaisista kolikkopeleist\u00e4, demopeleist\u00e4 ja eksklusiivisista bonuksista. Aloita py\u00f6r\u00e4ytykset ja voita jo t\u00e4n\u00e4\u00e4n!\" \/>\n<meta property=\"og:url\" content=\"https:\/\/kingmakercasino.info\/fi\/kolikkopelit\/\" \/>\n<meta property=\"og:site_name\" content=\"Kingmaker Casino Finnish\" \/>\n<meta property=\"og:image\" content=\"https:\/\/kingmakercasino.info\/fi\/wp-content\/uploads\/sites\/7\/2026\/03\/fl-kingmaker-slots-featured.webp\" \/>\n\t<meta property=\"og:image:width\" content=\"300\" \/>\n\t<meta property=\"og:image:height\" content=\"300\" \/>\n\t<meta property=\"og:image:type\" content=\"image\/webp\" \/>\n<meta name=\"twitter:card\" content=\"summary_large_image\" \/>\n<meta name=\"twitter:label1\" content=\"Arvioitu lukuaika\" \/>\n\t<meta name=\"twitter:data1\" content=\"1 minuutti\" \/>\n<script type=\"application\/ld+json\" class=\"yoast-schema-graph\">{\"@context\":\"https:\/\/schema.org\",\"@graph\":[{\"@type\":\"WebPage\",\"@id\":\"https:\/\/kingmakercasino.info\/fi\/kolikkopelit\/\",\"url\":\"https:\/\/kingmakercasino.info\/fi\/kolikkopelit\/\",\"name\":\"Kingmaker-kasinokolikkopelit \u2013 Pelaa Kingmaker-kolikkopelej\u00e4 & ilmaiskierroksia\",\"isPartOf\":{\"@id\":\"https:\/\/kingmakercasino.info\/fi\/#website\"},\"datePublished\":\"2026-03-11T10:05:24+00:00\",\"dateModified\":\"2026-03-11T10:05:24+00:00\",\"description\":\"L\u00f6yd\u00e4 laaja valikoima Kingmaker-kasinokolikkopelej\u00e4, mukaan lukien klassiset, videokolikkopelit ja progressiiviset j\u00e4ttipottipelit. Nauti Kingmakerin ilmaisista kolikkopeleist\u00e4, demopeleist\u00e4 ja eksklusiivisista bonuksista. Aloita py\u00f6r\u00e4ytykset ja voita jo t\u00e4n\u00e4\u00e4n!\",\"breadcrumb\":{\"@id\":\"https:\/\/kingmakercasino.info\/fi\/kolikkopelit\/#breadcrumb\"},\"inLanguage\":\"fi\",\"potentialAction\":[{\"@type\":\"ReadAction\",\"target\":[\"https:\/\/kingmakercasino.info\/fi\/kolikkopelit\/\"]}]},{\"@type\":\"BreadcrumbList\",\"@id\":\"https:\/\/kingmakercasino.info\/fi\/kolikkopelit\/#breadcrumb\",\"itemListElement\":[{\"@type\":\"ListItem\",\"position\":1,\"name\":\"Home\",\"item\":\"https:\/\/kingmakercasino.info\/fi\/\"},{\"@type\":\"ListItem\",\"position\":2,\"name\":\"Kingmaker-kasinokolikkopelit\"}]},{\"@type\":\"WebSite\",\"@id\":\"https:\/\/kingmakercasino.info\/fi\/#website\",\"url\":\"https:\/\/kingmakercasino.info\/fi\/\",\"name\":\"Kingmaker Casino Finnish\",\"description\":\"\",\"potentialAction\":[{\"@type\":\"SearchAction\",\"target\":{\"@type\":\"EntryPoint\",\"urlTemplate\":\"https:\/\/kingmakercasino.info\/fi\/?s={search_term_string}\"},\"query-input\":\"required name=search_term_string\"}],\"inLanguage\":\"fi\"}]}<\/script>\n<!-- \/ Yoast SEO plugin. -->","yoast_head_json":{"title":"Kingmaker-kasinokolikkopelit \u2013 Pelaa Kingmaker-kolikkopelej\u00e4 & ilmaiskierroksia","description":"L\u00f6yd\u00e4 laaja valikoima Kingmaker-kasinokolikkopelej\u00e4, mukaan lukien klassiset, videokolikkopelit ja progressiiviset j\u00e4ttipottipelit. Nauti Kingmakerin ilmaisista kolikkopeleist\u00e4, demopeleist\u00e4 ja eksklusiivisista bonuksista. Aloita py\u00f6r\u00e4ytykset ja voita jo t\u00e4n\u00e4\u00e4n!","robots":{"index":"index","follow":"follow","max-snippet":"max-snippet:-1","max-image-preview":"max-image-preview:large","max-video-preview":"max-video-preview:-1"},"canonical":"https:\/\/kingmakercasino.info\/fi\/kolikkopelit\/","og_locale":"fi_FI","og_type":"article","og_title":"Kingmaker-kasinokolikkopelit \u2013 Pelaa Kingmaker-kolikkopelej\u00e4 & ilmaiskierroksia","og_description":"L\u00f6yd\u00e4 laaja valikoima Kingmaker-kasinokolikkopelej\u00e4, mukaan lukien klassiset, videokolikkopelit ja progressiiviset j\u00e4ttipottipelit. Nauti Kingmakerin ilmaisista kolikkopeleist\u00e4, demopeleist\u00e4 ja eksklusiivisista bonuksista. Aloita py\u00f6r\u00e4ytykset ja voita jo t\u00e4n\u00e4\u00e4n!","og_url":"https:\/\/kingmakercasino.info\/fi\/kolikkopelit\/","og_site_name":"Kingmaker Casino Finnish","og_image":[{"width":300,"height":300,"url":"https:\/\/kingmakercasino.info\/fi\/wp-content\/uploads\/sites\/7\/2026\/03\/fl-kingmaker-slots-featured.webp","type":"image\/webp"}],"twitter_card":"summary_large_image","twitter_misc":{"Arvioitu lukuaika":"1 minuutti"},"schema":{"@context":"https:\/\/schema.org","@graph":[{"@type":"WebPage","@id":"https:\/\/kingmakercasino.info\/fi\/kolikkopelit\/","url":"https:\/\/kingmakercasino.info\/fi\/kolikkopelit\/","name":"Kingmaker-kasinokolikkopelit \u2013 Pelaa Kingmaker-kolikkopelej\u00e4 & ilmaiskierroksia","isPartOf":{"@id":"https:\/\/kingmakercasino.info\/fi\/#website"},"datePublished":"2026-03-11T10:05:24+00:00","dateModified":"2026-03-11T10:05:24+00:00","description":"L\u00f6yd\u00e4 laaja valikoima Kingmaker-kasinokolikkopelej\u00e4, mukaan lukien klassiset, videokolikkopelit ja progressiiviset j\u00e4ttipottipelit. Nauti Kingmakerin ilmaisista kolikkopeleist\u00e4, demopeleist\u00e4 ja eksklusiivisista bonuksista. Aloita py\u00f6r\u00e4ytykset ja voita jo t\u00e4n\u00e4\u00e4n!","breadcrumb":{"@id":"https:\/\/kingmakercasino.info\/fi\/kolikkopelit\/#breadcrumb"},"inLanguage":"fi","potentialAction":[{"@type":"ReadAction","target":["https:\/\/kingmakercasino.info\/fi\/kolikkopelit\/"]}]},{"@type":"BreadcrumbList","@id":"https:\/\/kingmakercasino.info\/fi\/kolikkopelit\/#breadcrumb","itemListElement":[{"@type":"ListItem","position":1,"name":"Home","item":"https:\/\/kingmakercasino.info\/fi\/"},{"@type":"ListItem","position":2,"name":"Kingmaker-kasinokolikkopelit"}]},{"@type":"WebSite","@id":"https:\/\/kingmakercasino.info\/fi\/#website","url":"https:\/\/kingmakercasino.info\/fi\/","name":"Kingmaker Casino Finnish","description":"","potentialAction":[{"@type":"SearchAction","target":{"@type":"EntryPoint","urlTemplate":"https:\/\/kingmakercasino.info\/fi\/?s={search_term_string}"},"query-input":"required name=search_term_string"}],"inLanguage":"fi"}]}},"_links":{"self":[{"href":"https:\/\/kingmakercasino.info\/fi\/wp-json\/wp\/v2\/pages\/22"}],"collection":[{"href":"https:\/\/kingmakercasino.info\/fi\/wp-json\/wp\/v2\/pages"}],"about":[{"href":"https:\/\/kingmakercasino.info\/fi\/wp-json\/wp\/v2\/types\/page"}],"author":[{"embeddable":true,"href":"https:\/\/kingmakercasino.info\/fi\/wp-json\/wp\/v2\/users\/1"}],"replies":[{"embeddable":true,"href":"https:\/\/kingmakercasino.info\/fi\/wp-json\/wp\/v2\/comments?post=22"}],"version-history":[{"count":2,"href":"https:\/\/kingmakercasino.info\/fi\/wp-json\/wp\/v2\/pages\/22\/revisions"}],"predecessor-version":[{"id":31,"href":"https:\/\/kingmakercasino.info\/fi\/wp-json\/wp\/v2\/pages\/22\/revisions\/31"}],"wp:featuredmedia":[{"embeddable":true,"href":"https:\/\/kingmakercasino.info\/fi\/wp-json\/wp\/v2\/media\/23"}],"wp:attachment":[{"href":"https:\/\/kingmakercasino.info\/fi\/wp-json\/wp\/v2\/media?parent=22"}],"curies":[{"name":"wp","href":"https:\/\/api.w.org\/{rel}","templated":true}]}}