{"id":9,"date":"2026-03-10T08:46:56","date_gmt":"2026-03-10T08:46:56","guid":{"rendered":"https:\/\/kingmakercasino.info\/cz\/?page_id=9"},"modified":"2026-03-12T14:09:27","modified_gmt":"2026-03-12T14:09:27","slug":"kingmaker-casino","status":"publish","type":"page","link":"https:\/\/kingmakercasino.info\/cz\/","title":{"rendered":"Kingmaker Casino"},"content":{"rendered":"","protected":false},"excerpt":{"rendered":"","protected":false},"author":1,"featured_media":10,"parent":0,"menu_order":0,"comment_status":"closed","ping_status":"closed","template":"","meta":{"_acf_changed":false,"footnotes":""},"acf":[],"yoast_head":"<!-- This site is optimized with the Yoast SEO plugin v22.0 - https:\/\/yoast.com\/wordpress\/plugins\/seo\/ -->\n<title>Kingmaker Casino \u2013 9 000+ automat\u016f, bonus 500 \u20ac, v\u00fdb\u011bry do 24 hodin<\/title>\n<meta name=\"description\" content=\"P\u0159idejte se do Kingmaker Casino a z\u00edskejte p\u0159\u00edstup k v\u00edce ne\u017e 9 000 automat\u016fm, 100% bonusu a\u017e do v\u00fd\u0161e 500 \u20ac a rychl\u00fdm v\u00fdb\u011br\u016fm. U\u017eijte si bezpe\u010dn\u00e9 platby, t\u00fddenn\u00ed promo akce a exkluzivn\u00ed odm\u011bny.\" \/>\n<meta name=\"robots\" content=\"index, follow, max-snippet:-1, max-image-preview:large, max-video-preview:-1\" \/>\n<link rel=\"canonical\" href=\"https:\/\/kingmakercasino.info\/cz\/\" \/>\n<meta property=\"og:locale\" content=\"cs_CZ\" \/>\n<meta property=\"og:type\" content=\"article\" \/>\n<meta property=\"og:title\" content=\"Kingmaker Casino \u2013 9 000+ automat\u016f, bonus 500 \u20ac, v\u00fdb\u011bry do 24 hodin\" \/>\n<meta property=\"og:description\" content=\"P\u0159idejte se do Kingmaker Casino a z\u00edskejte p\u0159\u00edstup k v\u00edce ne\u017e 9 000 automat\u016fm, 100% bonusu a\u017e do v\u00fd\u0161e 500 \u20ac a rychl\u00fdm v\u00fdb\u011br\u016fm. U\u017eijte si bezpe\u010dn\u00e9 platby, t\u00fddenn\u00ed promo akce a exkluzivn\u00ed odm\u011bny.\" \/>\n<meta property=\"og:url\" content=\"https:\/\/kingmakercasino.info\/cz\/\" \/>\n<meta property=\"og:site_name\" content=\"Czesh Kingmaker Casino\" \/>\n<meta property=\"article:modified_time\" content=\"2026-03-12T14:09:27+00:00\" \/>\n<meta property=\"og:image\" content=\"https:\/\/kingmakercasino.info\/cz\/wp-content\/uploads\/sites\/6\/2026\/03\/cz-kingmaker-homepage-featured.webp\" \/>\n\t<meta property=\"og:image:width\" content=\"300\" \/>\n\t<meta property=\"og:image:height\" content=\"300\" \/>\n\t<meta property=\"og:image:type\" content=\"image\/webp\" \/>\n<meta name=\"twitter:card\" content=\"summary_large_image\" \/>\n<meta name=\"twitter:label1\" content=\"Odhadovan\u00e1 doba \u010dten\u00ed\" \/>\n\t<meta name=\"twitter:data1\" content=\"1 minuta\" \/>\n<script type=\"application\/ld+json\" class=\"yoast-schema-graph\">{\"@context\":\"https:\/\/schema.org\",\"@graph\":[{\"@type\":\"WebPage\",\"@id\":\"https:\/\/kingmakercasino.info\/cz\/\",\"url\":\"https:\/\/kingmakercasino.info\/cz\/\",\"name\":\"Kingmaker Casino \u2013 9 000+ automat\u016f, bonus 500 \u20ac, v\u00fdb\u011bry do 24 hodin\",\"isPartOf\":{\"@id\":\"https:\/\/kingmakercasino.info\/cz\/#website\"},\"datePublished\":\"2026-03-10T08:46:56+00:00\",\"dateModified\":\"2026-03-12T14:09:27+00:00\",\"description\":\"P\u0159idejte se do Kingmaker Casino a z\u00edskejte p\u0159\u00edstup k v\u00edce ne\u017e 9 000 automat\u016fm, 100% bonusu a\u017e do v\u00fd\u0161e 500 \u20ac a rychl\u00fdm v\u00fdb\u011br\u016fm. U\u017eijte si bezpe\u010dn\u00e9 platby, t\u00fddenn\u00ed promo akce a exkluzivn\u00ed odm\u011bny.\",\"breadcrumb\":{\"@id\":\"https:\/\/kingmakercasino.info\/cz\/#breadcrumb\"},\"inLanguage\":\"cs\",\"potentialAction\":[{\"@type\":\"ReadAction\",\"target\":[\"https:\/\/kingmakercasino.info\/cz\/\"]}]},{\"@type\":\"BreadcrumbList\",\"@id\":\"https:\/\/kingmakercasino.info\/cz\/#breadcrumb\",\"itemListElement\":[{\"@type\":\"ListItem\",\"position\":1,\"name\":\"Home\",\"item\":\"https:\/\/kingmakercasino.info\/cz\/\"},{\"@type\":\"ListItem\",\"position\":2,\"name\":\"Kingmaker Casino\"}]},{\"@type\":\"WebSite\",\"@id\":\"https:\/\/kingmakercasino.info\/cz\/#website\",\"url\":\"https:\/\/kingmakercasino.info\/cz\/\",\"name\":\"Czesh Kingmaker Casino\",\"description\":\"\",\"potentialAction\":[{\"@type\":\"SearchAction\",\"target\":{\"@type\":\"EntryPoint\",\"urlTemplate\":\"https:\/\/kingmakercasino.info\/cz\/?s={search_term_string}\"},\"query-input\":\"required name=search_term_string\"}],\"inLanguage\":\"cs\"}]}<\/script>\n<!-- \/ Yoast SEO plugin. -->","yoast_head_json":{"title":"Kingmaker Casino \u2013 9 000+ automat\u016f, bonus 500 \u20ac, v\u00fdb\u011bry do 24 hodin","description":"P\u0159idejte se do Kingmaker Casino a z\u00edskejte p\u0159\u00edstup k v\u00edce ne\u017e 9 000 automat\u016fm, 100% bonusu a\u017e do v\u00fd\u0161e 500 \u20ac a rychl\u00fdm v\u00fdb\u011br\u016fm. U\u017eijte si bezpe\u010dn\u00e9 platby, t\u00fddenn\u00ed promo akce a exkluzivn\u00ed odm\u011bny.","robots":{"index":"index","follow":"follow","max-snippet":"max-snippet:-1","max-image-preview":"max-image-preview:large","max-video-preview":"max-video-preview:-1"},"canonical":"https:\/\/kingmakercasino.info\/cz\/","og_locale":"cs_CZ","og_type":"article","og_title":"Kingmaker Casino \u2013 9 000+ automat\u016f, bonus 500 \u20ac, v\u00fdb\u011bry do 24 hodin","og_description":"P\u0159idejte se do Kingmaker Casino a z\u00edskejte p\u0159\u00edstup k v\u00edce ne\u017e 9 000 automat\u016fm, 100% bonusu a\u017e do v\u00fd\u0161e 500 \u20ac a rychl\u00fdm v\u00fdb\u011br\u016fm. U\u017eijte si bezpe\u010dn\u00e9 platby, t\u00fddenn\u00ed promo akce a exkluzivn\u00ed odm\u011bny.","og_url":"https:\/\/kingmakercasino.info\/cz\/","og_site_name":"Czesh Kingmaker Casino","article_modified_time":"2026-03-12T14:09:27+00:00","og_image":[{"width":300,"height":300,"url":"https:\/\/kingmakercasino.info\/cz\/wp-content\/uploads\/sites\/6\/2026\/03\/cz-kingmaker-homepage-featured.webp","type":"image\/webp"}],"twitter_card":"summary_large_image","twitter_misc":{"Odhadovan\u00e1 doba \u010dten\u00ed":"1 minuta"},"schema":{"@context":"https:\/\/schema.org","@graph":[{"@type":"WebPage","@id":"https:\/\/kingmakercasino.info\/cz\/","url":"https:\/\/kingmakercasino.info\/cz\/","name":"Kingmaker Casino \u2013 9 000+ automat\u016f, bonus 500 \u20ac, v\u00fdb\u011bry do 24 hodin","isPartOf":{"@id":"https:\/\/kingmakercasino.info\/cz\/#website"},"datePublished":"2026-03-10T08:46:56+00:00","dateModified":"2026-03-12T14:09:27+00:00","description":"P\u0159idejte se do Kingmaker Casino a z\u00edskejte p\u0159\u00edstup k v\u00edce ne\u017e 9 000 automat\u016fm, 100% bonusu a\u017e do v\u00fd\u0161e 500 \u20ac a rychl\u00fdm v\u00fdb\u011br\u016fm. U\u017eijte si bezpe\u010dn\u00e9 platby, t\u00fddenn\u00ed promo akce a exkluzivn\u00ed odm\u011bny.","breadcrumb":{"@id":"https:\/\/kingmakercasino.info\/cz\/#breadcrumb"},"inLanguage":"cs","potentialAction":[{"@type":"ReadAction","target":["https:\/\/kingmakercasino.info\/cz\/"]}]},{"@type":"BreadcrumbList","@id":"https:\/\/kingmakercasino.info\/cz\/#breadcrumb","itemListElement":[{"@type":"ListItem","position":1,"name":"Home","item":"https:\/\/kingmakercasino.info\/cz\/"},{"@type":"ListItem","position":2,"name":"Kingmaker Casino"}]},{"@type":"WebSite","@id":"https:\/\/kingmakercasino.info\/cz\/#website","url":"https:\/\/kingmakercasino.info\/cz\/","name":"Czesh Kingmaker Casino","description":"","potentialAction":[{"@type":"SearchAction","target":{"@type":"EntryPoint","urlTemplate":"https:\/\/kingmakercasino.info\/cz\/?s={search_term_string}"},"query-input":"required name=search_term_string"}],"inLanguage":"cs"}]}},"_links":{"self":[{"href":"https:\/\/kingmakercasino.info\/cz\/wp-json\/wp\/v2\/pages\/9"}],"collection":[{"href":"https:\/\/kingmakercasino.info\/cz\/wp-json\/wp\/v2\/pages"}],"about":[{"href":"https:\/\/kingmakercasino.info\/cz\/wp-json\/wp\/v2\/types\/page"}],"author":[{"embeddable":true,"href":"https:\/\/kingmakercasino.info\/cz\/wp-json\/wp\/v2\/users\/1"}],"replies":[{"embeddable":true,"href":"https:\/\/kingmakercasino.info\/cz\/wp-json\/wp\/v2\/comments?post=9"}],"version-history":[{"count":3,"href":"https:\/\/kingmakercasino.info\/cz\/wp-json\/wp\/v2\/pages\/9\/revisions"}],"predecessor-version":[{"id":56,"href":"https:\/\/kingmakercasino.info\/cz\/wp-json\/wp\/v2\/pages\/9\/revisions\/56"}],"wp:featuredmedia":[{"embeddable":true,"href":"https:\/\/kingmakercasino.info\/cz\/wp-json\/wp\/v2\/media\/10"}],"wp:attachment":[{"href":"https:\/\/kingmakercasino.info\/cz\/wp-json\/wp\/v2\/media?parent=9"}],"curies":[{"name":"wp","href":"https:\/\/api.w.org\/{rel}","templated":true}]}}