{"id":53,"date":"2026-03-11T08:52:11","date_gmt":"2026-03-11T08:52:11","guid":{"rendered":"https:\/\/kingmakercasino.info\/cz\/?page_id=53"},"modified":"2026-03-11T08:52:12","modified_gmt":"2026-03-11T08:52:12","slug":"automaty","status":"publish","type":"page","link":"https:\/\/kingmakercasino.info\/cz\/automaty\/","title":{"rendered":"Kingmaker Casino automaty"},"content":{"rendered":"","protected":false},"excerpt":{"rendered":"","protected":false},"author":1,"featured_media":54,"parent":0,"menu_order":0,"comment_status":"closed","ping_status":"closed","template":"","meta":{"_acf_changed":false,"footnotes":""},"acf":[],"yoast_head":"<!-- This site is optimized with the Yoast SEO plugin v22.0 - https:\/\/yoast.com\/wordpress\/plugins\/seo\/ -->\n<title>Kingmaker Casino automaty \u2013 Zahrajte si Kingmaker v\u00fdhern\u00ed automaty &amp; zato\u010den\u00ed zdarma<\/title>\n<meta name=\"description\" content=\"Objevte obrovskou nab\u00eddku Kingmaker Casino automat\u016f, v\u010detn\u011b klasick\u00fdch, video a progresivn\u00edch jackpotov\u00fdch her. U\u017eijte si Kingmaker casino automaty zdarma, demo re\u017eim a exkluzivn\u00ed bonusy. Rozto\u010dte v\u00e1lce a vyhrajte je\u0161t\u011b dnes!\" \/>\n<meta name=\"robots\" content=\"index, follow, max-snippet:-1, max-image-preview:large, max-video-preview:-1\" \/>\n<link rel=\"canonical\" href=\"https:\/\/kingmakercasino.info\/cz\/automaty\/\" \/>\n<meta property=\"og:locale\" content=\"cs_CZ\" \/>\n<meta property=\"og:type\" content=\"article\" \/>\n<meta property=\"og:title\" content=\"Kingmaker Casino automaty \u2013 Zahrajte si Kingmaker v\u00fdhern\u00ed automaty &amp; zato\u010den\u00ed zdarma\" \/>\n<meta property=\"og:description\" content=\"Objevte obrovskou nab\u00eddku Kingmaker Casino automat\u016f, v\u010detn\u011b klasick\u00fdch, video a progresivn\u00edch jackpotov\u00fdch her. U\u017eijte si Kingmaker casino automaty zdarma, demo re\u017eim a exkluzivn\u00ed bonusy. Rozto\u010dte v\u00e1lce a vyhrajte je\u0161t\u011b dnes!\" \/>\n<meta property=\"og:url\" content=\"https:\/\/kingmakercasino.info\/cz\/automaty\/\" \/>\n<meta property=\"og:site_name\" content=\"Czesh Kingmaker Casino\" \/>\n<meta property=\"article:modified_time\" content=\"2026-03-11T08:52:12+00:00\" \/>\n<meta property=\"og:image\" content=\"https:\/\/kingmakercasino.info\/cz\/wp-content\/uploads\/sites\/6\/2026\/03\/cz-kingmaker-slots-featured.webp\" \/>\n\t<meta property=\"og:image:width\" content=\"300\" \/>\n\t<meta property=\"og:image:height\" content=\"300\" \/>\n\t<meta property=\"og:image:type\" content=\"image\/webp\" \/>\n<meta name=\"twitter:card\" content=\"summary_large_image\" \/>\n<meta name=\"twitter:label1\" content=\"Odhadovan\u00e1 doba \u010dten\u00ed\" \/>\n\t<meta name=\"twitter:data1\" content=\"1 minuta\" \/>\n<script type=\"application\/ld+json\" class=\"yoast-schema-graph\">{\"@context\":\"https:\/\/schema.org\",\"@graph\":[{\"@type\":\"WebPage\",\"@id\":\"https:\/\/kingmakercasino.info\/cz\/automaty\/\",\"url\":\"https:\/\/kingmakercasino.info\/cz\/automaty\/\",\"name\":\"Kingmaker Casino automaty \u2013 Zahrajte si Kingmaker v\u00fdhern\u00ed automaty & zato\u010den\u00ed zdarma\",\"isPartOf\":{\"@id\":\"https:\/\/kingmakercasino.info\/cz\/#website\"},\"datePublished\":\"2026-03-11T08:52:11+00:00\",\"dateModified\":\"2026-03-11T08:52:12+00:00\",\"description\":\"Objevte obrovskou nab\u00eddku Kingmaker Casino automat\u016f, v\u010detn\u011b klasick\u00fdch, video a progresivn\u00edch jackpotov\u00fdch her. U\u017eijte si Kingmaker casino automaty zdarma, demo re\u017eim a exkluzivn\u00ed bonusy. Rozto\u010dte v\u00e1lce a vyhrajte je\u0161t\u011b dnes!\",\"breadcrumb\":{\"@id\":\"https:\/\/kingmakercasino.info\/cz\/automaty\/#breadcrumb\"},\"inLanguage\":\"cs\",\"potentialAction\":[{\"@type\":\"ReadAction\",\"target\":[\"https:\/\/kingmakercasino.info\/cz\/automaty\/\"]}]},{\"@type\":\"BreadcrumbList\",\"@id\":\"https:\/\/kingmakercasino.info\/cz\/automaty\/#breadcrumb\",\"itemListElement\":[{\"@type\":\"ListItem\",\"position\":1,\"name\":\"Home\",\"item\":\"https:\/\/kingmakercasino.info\/cz\/\"},{\"@type\":\"ListItem\",\"position\":2,\"name\":\"Kingmaker Casino automaty\"}]},{\"@type\":\"WebSite\",\"@id\":\"https:\/\/kingmakercasino.info\/cz\/#website\",\"url\":\"https:\/\/kingmakercasino.info\/cz\/\",\"name\":\"Czesh Kingmaker Casino\",\"description\":\"\",\"potentialAction\":[{\"@type\":\"SearchAction\",\"target\":{\"@type\":\"EntryPoint\",\"urlTemplate\":\"https:\/\/kingmakercasino.info\/cz\/?s={search_term_string}\"},\"query-input\":\"required name=search_term_string\"}],\"inLanguage\":\"cs\"}]}<\/script>\n<!-- \/ Yoast SEO plugin. -->","yoast_head_json":{"title":"Kingmaker Casino automaty \u2013 Zahrajte si Kingmaker v\u00fdhern\u00ed automaty & zato\u010den\u00ed zdarma","description":"Objevte obrovskou nab\u00eddku Kingmaker Casino automat\u016f, v\u010detn\u011b klasick\u00fdch, video a progresivn\u00edch jackpotov\u00fdch her. U\u017eijte si Kingmaker casino automaty zdarma, demo re\u017eim a exkluzivn\u00ed bonusy. Rozto\u010dte v\u00e1lce a vyhrajte je\u0161t\u011b dnes!","robots":{"index":"index","follow":"follow","max-snippet":"max-snippet:-1","max-image-preview":"max-image-preview:large","max-video-preview":"max-video-preview:-1"},"canonical":"https:\/\/kingmakercasino.info\/cz\/automaty\/","og_locale":"cs_CZ","og_type":"article","og_title":"Kingmaker Casino automaty \u2013 Zahrajte si Kingmaker v\u00fdhern\u00ed automaty & zato\u010den\u00ed zdarma","og_description":"Objevte obrovskou nab\u00eddku Kingmaker Casino automat\u016f, v\u010detn\u011b klasick\u00fdch, video a progresivn\u00edch jackpotov\u00fdch her. U\u017eijte si Kingmaker casino automaty zdarma, demo re\u017eim a exkluzivn\u00ed bonusy. Rozto\u010dte v\u00e1lce a vyhrajte je\u0161t\u011b dnes!","og_url":"https:\/\/kingmakercasino.info\/cz\/automaty\/","og_site_name":"Czesh Kingmaker Casino","article_modified_time":"2026-03-11T08:52:12+00:00","og_image":[{"width":300,"height":300,"url":"https:\/\/kingmakercasino.info\/cz\/wp-content\/uploads\/sites\/6\/2026\/03\/cz-kingmaker-slots-featured.webp","type":"image\/webp"}],"twitter_card":"summary_large_image","twitter_misc":{"Odhadovan\u00e1 doba \u010dten\u00ed":"1 minuta"},"schema":{"@context":"https:\/\/schema.org","@graph":[{"@type":"WebPage","@id":"https:\/\/kingmakercasino.info\/cz\/automaty\/","url":"https:\/\/kingmakercasino.info\/cz\/automaty\/","name":"Kingmaker Casino automaty \u2013 Zahrajte si Kingmaker v\u00fdhern\u00ed automaty & zato\u010den\u00ed zdarma","isPartOf":{"@id":"https:\/\/kingmakercasino.info\/cz\/#website"},"datePublished":"2026-03-11T08:52:11+00:00","dateModified":"2026-03-11T08:52:12+00:00","description":"Objevte obrovskou nab\u00eddku Kingmaker Casino automat\u016f, v\u010detn\u011b klasick\u00fdch, video a progresivn\u00edch jackpotov\u00fdch her. U\u017eijte si Kingmaker casino automaty zdarma, demo re\u017eim a exkluzivn\u00ed bonusy. Rozto\u010dte v\u00e1lce a vyhrajte je\u0161t\u011b dnes!","breadcrumb":{"@id":"https:\/\/kingmakercasino.info\/cz\/automaty\/#breadcrumb"},"inLanguage":"cs","potentialAction":[{"@type":"ReadAction","target":["https:\/\/kingmakercasino.info\/cz\/automaty\/"]}]},{"@type":"BreadcrumbList","@id":"https:\/\/kingmakercasino.info\/cz\/automaty\/#breadcrumb","itemListElement":[{"@type":"ListItem","position":1,"name":"Home","item":"https:\/\/kingmakercasino.info\/cz\/"},{"@type":"ListItem","position":2,"name":"Kingmaker Casino automaty"}]},{"@type":"WebSite","@id":"https:\/\/kingmakercasino.info\/cz\/#website","url":"https:\/\/kingmakercasino.info\/cz\/","name":"Czesh Kingmaker Casino","description":"","potentialAction":[{"@type":"SearchAction","target":{"@type":"EntryPoint","urlTemplate":"https:\/\/kingmakercasino.info\/cz\/?s={search_term_string}"},"query-input":"required name=search_term_string"}],"inLanguage":"cs"}]}},"_links":{"self":[{"href":"https:\/\/kingmakercasino.info\/cz\/wp-json\/wp\/v2\/pages\/53"}],"collection":[{"href":"https:\/\/kingmakercasino.info\/cz\/wp-json\/wp\/v2\/pages"}],"about":[{"href":"https:\/\/kingmakercasino.info\/cz\/wp-json\/wp\/v2\/types\/page"}],"author":[{"embeddable":true,"href":"https:\/\/kingmakercasino.info\/cz\/wp-json\/wp\/v2\/users\/1"}],"replies":[{"embeddable":true,"href":"https:\/\/kingmakercasino.info\/cz\/wp-json\/wp\/v2\/comments?post=53"}],"version-history":[{"count":1,"href":"https:\/\/kingmakercasino.info\/cz\/wp-json\/wp\/v2\/pages\/53\/revisions"}],"predecessor-version":[{"id":55,"href":"https:\/\/kingmakercasino.info\/cz\/wp-json\/wp\/v2\/pages\/53\/revisions\/55"}],"wp:featuredmedia":[{"embeddable":true,"href":"https:\/\/kingmakercasino.info\/cz\/wp-json\/wp\/v2\/media\/54"}],"wp:attachment":[{"href":"https:\/\/kingmakercasino.info\/cz\/wp-json\/wp\/v2\/media?parent=53"}],"curies":[{"name":"wp","href":"https:\/\/api.w.org\/{rel}","templated":true}]}}