{"id":50,"date":"2026-03-10T11:49:27","date_gmt":"2026-03-10T11:49:27","guid":{"rendered":"https:\/\/kingmakercasino.info\/cz\/?page_id=50"},"modified":"2026-03-10T11:49:28","modified_gmt":"2026-03-10T11:49:28","slug":"app","status":"publish","type":"page","link":"https:\/\/kingmakercasino.info\/cz\/app\/","title":{"rendered":"Kingmaker Casino App"},"content":{"rendered":"","protected":false},"excerpt":{"rendered":"","protected":false},"author":1,"featured_media":51,"parent":0,"menu_order":0,"comment_status":"closed","ping_status":"closed","template":"","meta":{"_acf_changed":false,"footnotes":""},"acf":[],"yoast_head":"<!-- This site is optimized with the Yoast SEO plugin v22.0 - https:\/\/yoast.com\/wordpress\/plugins\/seo\/ -->\n<title>Recenze aplikace Kingmaker Casino \u2013 Mobiln\u00ed z\u00e1\u017eitek, bonusy a hry<\/title>\n<meta name=\"description\" content=\"Objevte z\u00e1\u017eitek z mobiln\u00ed aplikace Kingmaker Casino. Hrajte automaty, stoln\u00ed hry i \u017eiv\u00e9 kasino na mobilu s pln\u00fdmi bonusy, free spiny a plynul\u00fdm hran\u00edm p\u0159\u00edmo v prohl\u00ed\u017ee\u010di \u2014 bez nutnosti stahov\u00e1n\u00ed.\" \/>\n<meta name=\"robots\" content=\"index, follow, max-snippet:-1, max-image-preview:large, max-video-preview:-1\" \/>\n<link rel=\"canonical\" href=\"https:\/\/kingmakercasino.info\/cz\/app\/\" \/>\n<meta property=\"og:locale\" content=\"cs_CZ\" \/>\n<meta property=\"og:type\" content=\"article\" \/>\n<meta property=\"og:title\" content=\"Recenze aplikace Kingmaker Casino \u2013 Mobiln\u00ed z\u00e1\u017eitek, bonusy a hry\" \/>\n<meta property=\"og:description\" content=\"Objevte z\u00e1\u017eitek z mobiln\u00ed aplikace Kingmaker Casino. Hrajte automaty, stoln\u00ed hry i \u017eiv\u00e9 kasino na mobilu s pln\u00fdmi bonusy, free spiny a plynul\u00fdm hran\u00edm p\u0159\u00edmo v prohl\u00ed\u017ee\u010di \u2014 bez nutnosti stahov\u00e1n\u00ed.\" \/>\n<meta property=\"og:url\" content=\"https:\/\/kingmakercasino.info\/cz\/app\/\" \/>\n<meta property=\"og:site_name\" content=\"Czesh Kingmaker Casino\" \/>\n<meta property=\"article:modified_time\" content=\"2026-03-10T11:49:28+00:00\" \/>\n<meta property=\"og:image\" content=\"https:\/\/kingmakercasino.info\/cz\/wp-content\/uploads\/sites\/6\/2026\/03\/cz-app.webp\" \/>\n\t<meta property=\"og:image:width\" content=\"300\" \/>\n\t<meta property=\"og:image:height\" content=\"300\" \/>\n\t<meta property=\"og:image:type\" content=\"image\/webp\" \/>\n<meta name=\"twitter:card\" content=\"summary_large_image\" \/>\n<meta name=\"twitter:label1\" content=\"Odhadovan\u00e1 doba \u010dten\u00ed\" \/>\n\t<meta name=\"twitter:data1\" content=\"1 minuta\" \/>\n<script type=\"application\/ld+json\" class=\"yoast-schema-graph\">{\"@context\":\"https:\/\/schema.org\",\"@graph\":[{\"@type\":\"WebPage\",\"@id\":\"https:\/\/kingmakercasino.info\/cz\/app\/\",\"url\":\"https:\/\/kingmakercasino.info\/cz\/app\/\",\"name\":\"Recenze aplikace Kingmaker Casino \u2013 Mobiln\u00ed z\u00e1\u017eitek, bonusy a hry\",\"isPartOf\":{\"@id\":\"https:\/\/kingmakercasino.info\/cz\/#website\"},\"datePublished\":\"2026-03-10T11:49:27+00:00\",\"dateModified\":\"2026-03-10T11:49:28+00:00\",\"description\":\"Objevte z\u00e1\u017eitek z mobiln\u00ed aplikace Kingmaker Casino. Hrajte automaty, stoln\u00ed hry i \u017eiv\u00e9 kasino na mobilu s pln\u00fdmi bonusy, free spiny a plynul\u00fdm hran\u00edm p\u0159\u00edmo v prohl\u00ed\u017ee\u010di \u2014 bez nutnosti stahov\u00e1n\u00ed.\",\"breadcrumb\":{\"@id\":\"https:\/\/kingmakercasino.info\/cz\/app\/#breadcrumb\"},\"inLanguage\":\"cs\",\"potentialAction\":[{\"@type\":\"ReadAction\",\"target\":[\"https:\/\/kingmakercasino.info\/cz\/app\/\"]}]},{\"@type\":\"BreadcrumbList\",\"@id\":\"https:\/\/kingmakercasino.info\/cz\/app\/#breadcrumb\",\"itemListElement\":[{\"@type\":\"ListItem\",\"position\":1,\"name\":\"Home\",\"item\":\"https:\/\/kingmakercasino.info\/cz\/\"},{\"@type\":\"ListItem\",\"position\":2,\"name\":\"Kingmaker Casino App\"}]},{\"@type\":\"WebSite\",\"@id\":\"https:\/\/kingmakercasino.info\/cz\/#website\",\"url\":\"https:\/\/kingmakercasino.info\/cz\/\",\"name\":\"Czesh Kingmaker Casino\",\"description\":\"\",\"potentialAction\":[{\"@type\":\"SearchAction\",\"target\":{\"@type\":\"EntryPoint\",\"urlTemplate\":\"https:\/\/kingmakercasino.info\/cz\/?s={search_term_string}\"},\"query-input\":\"required name=search_term_string\"}],\"inLanguage\":\"cs\"}]}<\/script>\n<!-- \/ Yoast SEO plugin. -->","yoast_head_json":{"title":"Recenze aplikace Kingmaker Casino \u2013 Mobiln\u00ed z\u00e1\u017eitek, bonusy a hry","description":"Objevte z\u00e1\u017eitek z mobiln\u00ed aplikace Kingmaker Casino. Hrajte automaty, stoln\u00ed hry i \u017eiv\u00e9 kasino na mobilu s pln\u00fdmi bonusy, free spiny a plynul\u00fdm hran\u00edm p\u0159\u00edmo v prohl\u00ed\u017ee\u010di \u2014 bez nutnosti stahov\u00e1n\u00ed.","robots":{"index":"index","follow":"follow","max-snippet":"max-snippet:-1","max-image-preview":"max-image-preview:large","max-video-preview":"max-video-preview:-1"},"canonical":"https:\/\/kingmakercasino.info\/cz\/app\/","og_locale":"cs_CZ","og_type":"article","og_title":"Recenze aplikace Kingmaker Casino \u2013 Mobiln\u00ed z\u00e1\u017eitek, bonusy a hry","og_description":"Objevte z\u00e1\u017eitek z mobiln\u00ed aplikace Kingmaker Casino. Hrajte automaty, stoln\u00ed hry i \u017eiv\u00e9 kasino na mobilu s pln\u00fdmi bonusy, free spiny a plynul\u00fdm hran\u00edm p\u0159\u00edmo v prohl\u00ed\u017ee\u010di \u2014 bez nutnosti stahov\u00e1n\u00ed.","og_url":"https:\/\/kingmakercasino.info\/cz\/app\/","og_site_name":"Czesh Kingmaker Casino","article_modified_time":"2026-03-10T11:49:28+00:00","og_image":[{"width":300,"height":300,"url":"https:\/\/kingmakercasino.info\/cz\/wp-content\/uploads\/sites\/6\/2026\/03\/cz-app.webp","type":"image\/webp"}],"twitter_card":"summary_large_image","twitter_misc":{"Odhadovan\u00e1 doba \u010dten\u00ed":"1 minuta"},"schema":{"@context":"https:\/\/schema.org","@graph":[{"@type":"WebPage","@id":"https:\/\/kingmakercasino.info\/cz\/app\/","url":"https:\/\/kingmakercasino.info\/cz\/app\/","name":"Recenze aplikace Kingmaker Casino \u2013 Mobiln\u00ed z\u00e1\u017eitek, bonusy a hry","isPartOf":{"@id":"https:\/\/kingmakercasino.info\/cz\/#website"},"datePublished":"2026-03-10T11:49:27+00:00","dateModified":"2026-03-10T11:49:28+00:00","description":"Objevte z\u00e1\u017eitek z mobiln\u00ed aplikace Kingmaker Casino. Hrajte automaty, stoln\u00ed hry i \u017eiv\u00e9 kasino na mobilu s pln\u00fdmi bonusy, free spiny a plynul\u00fdm hran\u00edm p\u0159\u00edmo v prohl\u00ed\u017ee\u010di \u2014 bez nutnosti stahov\u00e1n\u00ed.","breadcrumb":{"@id":"https:\/\/kingmakercasino.info\/cz\/app\/#breadcrumb"},"inLanguage":"cs","potentialAction":[{"@type":"ReadAction","target":["https:\/\/kingmakercasino.info\/cz\/app\/"]}]},{"@type":"BreadcrumbList","@id":"https:\/\/kingmakercasino.info\/cz\/app\/#breadcrumb","itemListElement":[{"@type":"ListItem","position":1,"name":"Home","item":"https:\/\/kingmakercasino.info\/cz\/"},{"@type":"ListItem","position":2,"name":"Kingmaker Casino App"}]},{"@type":"WebSite","@id":"https:\/\/kingmakercasino.info\/cz\/#website","url":"https:\/\/kingmakercasino.info\/cz\/","name":"Czesh Kingmaker Casino","description":"","potentialAction":[{"@type":"SearchAction","target":{"@type":"EntryPoint","urlTemplate":"https:\/\/kingmakercasino.info\/cz\/?s={search_term_string}"},"query-input":"required name=search_term_string"}],"inLanguage":"cs"}]}},"_links":{"self":[{"href":"https:\/\/kingmakercasino.info\/cz\/wp-json\/wp\/v2\/pages\/50"}],"collection":[{"href":"https:\/\/kingmakercasino.info\/cz\/wp-json\/wp\/v2\/pages"}],"about":[{"href":"https:\/\/kingmakercasino.info\/cz\/wp-json\/wp\/v2\/types\/page"}],"author":[{"embeddable":true,"href":"https:\/\/kingmakercasino.info\/cz\/wp-json\/wp\/v2\/users\/1"}],"replies":[{"embeddable":true,"href":"https:\/\/kingmakercasino.info\/cz\/wp-json\/wp\/v2\/comments?post=50"}],"version-history":[{"count":1,"href":"https:\/\/kingmakercasino.info\/cz\/wp-json\/wp\/v2\/pages\/50\/revisions"}],"predecessor-version":[{"id":52,"href":"https:\/\/kingmakercasino.info\/cz\/wp-json\/wp\/v2\/pages\/50\/revisions\/52"}],"wp:featuredmedia":[{"embeddable":true,"href":"https:\/\/kingmakercasino.info\/cz\/wp-json\/wp\/v2\/media\/51"}],"wp:attachment":[{"href":"https:\/\/kingmakercasino.info\/cz\/wp-json\/wp\/v2\/media?parent=50"}],"curies":[{"name":"wp","href":"https:\/\/api.w.org\/{rel}","templated":true}]}}