{"id":43,"date":"2026-03-10T11:38:20","date_gmt":"2026-03-10T11:38:20","guid":{"rendered":"https:\/\/kingmakercasino.info\/cz\/?page_id=43"},"modified":"2026-03-10T11:38:21","modified_gmt":"2026-03-10T11:38:21","slug":"promo-kody","status":"publish","type":"page","link":"https:\/\/kingmakercasino.info\/cz\/bonusy\/promo-kody\/","title":{"rendered":"Kingmaker Casino Promo Codes"},"content":{"rendered":"","protected":false},"excerpt":{"rendered":"","protected":false},"author":1,"featured_media":44,"parent":17,"menu_order":0,"comment_status":"closed","ping_status":"closed","template":"","meta":{"_acf_changed":false,"footnotes":""},"acf":[],"yoast_head":"<!-- This site is optimized with the Yoast SEO plugin v22.0 - https:\/\/yoast.com\/wordpress\/plugins\/seo\/ -->\n<title>Promo k\u00f3dy Kingmaker Casino | Najd\u011bte nejlep\u0161\u00ed nab\u00eddky<\/title>\n<meta name=\"description\" content=\"Objevte nejlep\u0161\u00ed promo k\u00f3dy pro Kingmaker Casino a z\u00edskejte vzru\u0161uj\u00edc\u00ed bonusy, voln\u00e1 zato\u010den\u00ed a mnoho dal\u0161\u00edho. Maximalizujte sv\u00e9 odm\u011bny d\u00edky nejnov\u011bj\u0161\u00edm nab\u00eddk\u00e1m je\u0161t\u011b dnes!\" \/>\n<meta name=\"robots\" content=\"index, follow, max-snippet:-1, max-image-preview:large, max-video-preview:-1\" \/>\n<link rel=\"canonical\" href=\"https:\/\/kingmakercasino.info\/cz\/bonusy\/promo-kody\/\" \/>\n<meta property=\"og:locale\" content=\"cs_CZ\" \/>\n<meta property=\"og:type\" content=\"article\" \/>\n<meta property=\"og:title\" content=\"Promo k\u00f3dy Kingmaker Casino | Najd\u011bte nejlep\u0161\u00ed nab\u00eddky\" \/>\n<meta property=\"og:description\" content=\"Objevte nejlep\u0161\u00ed promo k\u00f3dy pro Kingmaker Casino a z\u00edskejte vzru\u0161uj\u00edc\u00ed bonusy, voln\u00e1 zato\u010den\u00ed a mnoho dal\u0161\u00edho. Maximalizujte sv\u00e9 odm\u011bny d\u00edky nejnov\u011bj\u0161\u00edm nab\u00eddk\u00e1m je\u0161t\u011b dnes!\" \/>\n<meta property=\"og:url\" content=\"https:\/\/kingmakercasino.info\/cz\/bonusy\/promo-kody\/\" \/>\n<meta property=\"og:site_name\" content=\"Czesh Kingmaker Casino\" \/>\n<meta property=\"article:modified_time\" content=\"2026-03-10T11:38:21+00:00\" \/>\n<meta property=\"og:image\" content=\"https:\/\/kingmakercasino.info\/cz\/wp-content\/uploads\/sites\/6\/2026\/03\/cz-kingmaker-promo-codes.webp\" \/>\n\t<meta property=\"og:image:width\" content=\"300\" \/>\n\t<meta property=\"og:image:height\" content=\"300\" \/>\n\t<meta property=\"og:image:type\" content=\"image\/webp\" \/>\n<meta name=\"twitter:card\" content=\"summary_large_image\" \/>\n<meta name=\"twitter:label1\" content=\"Odhadovan\u00e1 doba \u010dten\u00ed\" \/>\n\t<meta name=\"twitter:data1\" content=\"1 minuta\" \/>\n<script type=\"application\/ld+json\" class=\"yoast-schema-graph\">{\"@context\":\"https:\/\/schema.org\",\"@graph\":[{\"@type\":\"WebPage\",\"@id\":\"https:\/\/kingmakercasino.info\/cz\/bonusy\/promo-kody\/\",\"url\":\"https:\/\/kingmakercasino.info\/cz\/bonusy\/promo-kody\/\",\"name\":\"Promo k\u00f3dy Kingmaker Casino | Najd\u011bte nejlep\u0161\u00ed nab\u00eddky\",\"isPartOf\":{\"@id\":\"https:\/\/kingmakercasino.info\/cz\/#website\"},\"datePublished\":\"2026-03-10T11:38:20+00:00\",\"dateModified\":\"2026-03-10T11:38:21+00:00\",\"description\":\"Objevte nejlep\u0161\u00ed promo k\u00f3dy pro Kingmaker Casino a z\u00edskejte vzru\u0161uj\u00edc\u00ed bonusy, voln\u00e1 zato\u010den\u00ed a mnoho dal\u0161\u00edho. Maximalizujte sv\u00e9 odm\u011bny d\u00edky nejnov\u011bj\u0161\u00edm nab\u00eddk\u00e1m je\u0161t\u011b dnes!\",\"breadcrumb\":{\"@id\":\"https:\/\/kingmakercasino.info\/cz\/bonusy\/promo-kody\/#breadcrumb\"},\"inLanguage\":\"cs\",\"potentialAction\":[{\"@type\":\"ReadAction\",\"target\":[\"https:\/\/kingmakercasino.info\/cz\/bonusy\/promo-kody\/\"]}]},{\"@type\":\"BreadcrumbList\",\"@id\":\"https:\/\/kingmakercasino.info\/cz\/bonusy\/promo-kody\/#breadcrumb\",\"itemListElement\":[{\"@type\":\"ListItem\",\"position\":1,\"name\":\"Home\",\"item\":\"https:\/\/kingmakercasino.info\/cz\/\"},{\"@type\":\"ListItem\",\"position\":2,\"name\":\"Kingmaker Casino bonus: Voln\u00e1 zato\u010den\u00ed, cashback &amp; VIP odm\u011bny \u010dekaj\u00ed\",\"item\":\"https:\/\/kingmakercasino.info\/cz\/bonusy\/\"},{\"@type\":\"ListItem\",\"position\":3,\"name\":\"Kingmaker Casino Promo Codes\"}]},{\"@type\":\"WebSite\",\"@id\":\"https:\/\/kingmakercasino.info\/cz\/#website\",\"url\":\"https:\/\/kingmakercasino.info\/cz\/\",\"name\":\"Czesh Kingmaker Casino\",\"description\":\"\",\"potentialAction\":[{\"@type\":\"SearchAction\",\"target\":{\"@type\":\"EntryPoint\",\"urlTemplate\":\"https:\/\/kingmakercasino.info\/cz\/?s={search_term_string}\"},\"query-input\":\"required name=search_term_string\"}],\"inLanguage\":\"cs\"}]}<\/script>\n<!-- \/ Yoast SEO plugin. -->","yoast_head_json":{"title":"Promo k\u00f3dy Kingmaker Casino | Najd\u011bte nejlep\u0161\u00ed nab\u00eddky","description":"Objevte nejlep\u0161\u00ed promo k\u00f3dy pro Kingmaker Casino a z\u00edskejte vzru\u0161uj\u00edc\u00ed bonusy, voln\u00e1 zato\u010den\u00ed a mnoho dal\u0161\u00edho. Maximalizujte sv\u00e9 odm\u011bny d\u00edky nejnov\u011bj\u0161\u00edm nab\u00eddk\u00e1m je\u0161t\u011b dnes!","robots":{"index":"index","follow":"follow","max-snippet":"max-snippet:-1","max-image-preview":"max-image-preview:large","max-video-preview":"max-video-preview:-1"},"canonical":"https:\/\/kingmakercasino.info\/cz\/bonusy\/promo-kody\/","og_locale":"cs_CZ","og_type":"article","og_title":"Promo k\u00f3dy Kingmaker Casino | Najd\u011bte nejlep\u0161\u00ed nab\u00eddky","og_description":"Objevte nejlep\u0161\u00ed promo k\u00f3dy pro Kingmaker Casino a z\u00edskejte vzru\u0161uj\u00edc\u00ed bonusy, voln\u00e1 zato\u010den\u00ed a mnoho dal\u0161\u00edho. Maximalizujte sv\u00e9 odm\u011bny d\u00edky nejnov\u011bj\u0161\u00edm nab\u00eddk\u00e1m je\u0161t\u011b dnes!","og_url":"https:\/\/kingmakercasino.info\/cz\/bonusy\/promo-kody\/","og_site_name":"Czesh Kingmaker Casino","article_modified_time":"2026-03-10T11:38:21+00:00","og_image":[{"width":300,"height":300,"url":"https:\/\/kingmakercasino.info\/cz\/wp-content\/uploads\/sites\/6\/2026\/03\/cz-kingmaker-promo-codes.webp","type":"image\/webp"}],"twitter_card":"summary_large_image","twitter_misc":{"Odhadovan\u00e1 doba \u010dten\u00ed":"1 minuta"},"schema":{"@context":"https:\/\/schema.org","@graph":[{"@type":"WebPage","@id":"https:\/\/kingmakercasino.info\/cz\/bonusy\/promo-kody\/","url":"https:\/\/kingmakercasino.info\/cz\/bonusy\/promo-kody\/","name":"Promo k\u00f3dy Kingmaker Casino | Najd\u011bte nejlep\u0161\u00ed nab\u00eddky","isPartOf":{"@id":"https:\/\/kingmakercasino.info\/cz\/#website"},"datePublished":"2026-03-10T11:38:20+00:00","dateModified":"2026-03-10T11:38:21+00:00","description":"Objevte nejlep\u0161\u00ed promo k\u00f3dy pro Kingmaker Casino a z\u00edskejte vzru\u0161uj\u00edc\u00ed bonusy, voln\u00e1 zato\u010den\u00ed a mnoho dal\u0161\u00edho. Maximalizujte sv\u00e9 odm\u011bny d\u00edky nejnov\u011bj\u0161\u00edm nab\u00eddk\u00e1m je\u0161t\u011b dnes!","breadcrumb":{"@id":"https:\/\/kingmakercasino.info\/cz\/bonusy\/promo-kody\/#breadcrumb"},"inLanguage":"cs","potentialAction":[{"@type":"ReadAction","target":["https:\/\/kingmakercasino.info\/cz\/bonusy\/promo-kody\/"]}]},{"@type":"BreadcrumbList","@id":"https:\/\/kingmakercasino.info\/cz\/bonusy\/promo-kody\/#breadcrumb","itemListElement":[{"@type":"ListItem","position":1,"name":"Home","item":"https:\/\/kingmakercasino.info\/cz\/"},{"@type":"ListItem","position":2,"name":"Kingmaker Casino bonus: Voln\u00e1 zato\u010den\u00ed, cashback &amp; VIP odm\u011bny \u010dekaj\u00ed","item":"https:\/\/kingmakercasino.info\/cz\/bonusy\/"},{"@type":"ListItem","position":3,"name":"Kingmaker Casino Promo Codes"}]},{"@type":"WebSite","@id":"https:\/\/kingmakercasino.info\/cz\/#website","url":"https:\/\/kingmakercasino.info\/cz\/","name":"Czesh Kingmaker Casino","description":"","potentialAction":[{"@type":"SearchAction","target":{"@type":"EntryPoint","urlTemplate":"https:\/\/kingmakercasino.info\/cz\/?s={search_term_string}"},"query-input":"required name=search_term_string"}],"inLanguage":"cs"}]}},"_links":{"self":[{"href":"https:\/\/kingmakercasino.info\/cz\/wp-json\/wp\/v2\/pages\/43"}],"collection":[{"href":"https:\/\/kingmakercasino.info\/cz\/wp-json\/wp\/v2\/pages"}],"about":[{"href":"https:\/\/kingmakercasino.info\/cz\/wp-json\/wp\/v2\/types\/page"}],"author":[{"embeddable":true,"href":"https:\/\/kingmakercasino.info\/cz\/wp-json\/wp\/v2\/users\/1"}],"replies":[{"embeddable":true,"href":"https:\/\/kingmakercasino.info\/cz\/wp-json\/wp\/v2\/comments?post=43"}],"version-history":[{"count":2,"href":"https:\/\/kingmakercasino.info\/cz\/wp-json\/wp\/v2\/pages\/43\/revisions"}],"predecessor-version":[{"id":49,"href":"https:\/\/kingmakercasino.info\/cz\/wp-json\/wp\/v2\/pages\/43\/revisions\/49"}],"up":[{"embeddable":true,"href":"https:\/\/kingmakercasino.info\/cz\/wp-json\/wp\/v2\/pages\/17"}],"wp:featuredmedia":[{"embeddable":true,"href":"https:\/\/kingmakercasino.info\/cz\/wp-json\/wp\/v2\/media\/44"}],"wp:attachment":[{"href":"https:\/\/kingmakercasino.info\/cz\/wp-json\/wp\/v2\/media?parent=43"}],"curies":[{"name":"wp","href":"https:\/\/api.w.org\/{rel}","templated":true}]}}