{"id":35,"date":"2026-03-10T10:03:46","date_gmt":"2026-03-10T10:03:46","guid":{"rendered":"https:\/\/kingmakercasino.info\/cz\/?page_id=35"},"modified":"2026-03-10T10:03:47","modified_gmt":"2026-03-10T10:03:47","slug":"bez-vkladu","status":"publish","type":"page","link":"https:\/\/kingmakercasino.info\/cz\/bonusy\/volne-otocky\/bez-vkladu\/","title":{"rendered":"Kingmaker zato\u010den\u00ed zdarma bez vkladu"},"content":{"rendered":"","protected":false},"excerpt":{"rendered":"","protected":false},"author":1,"featured_media":36,"parent":30,"menu_order":0,"comment_status":"closed","ping_status":"closed","template":"","meta":{"_acf_changed":false,"footnotes":""},"acf":[],"yoast_head":"<!-- This site is optimized with the Yoast SEO plugin v22.0 - https:\/\/yoast.com\/wordpress\/plugins\/seo\/ -->\n<title>Kingmaker zato\u010den\u00ed zdarma bez vkladu | Z\u00edskejte sv\u016fj bonus je\u0161t\u011b dnes<\/title>\n<meta name=\"description\" content=\"Vyu\u017eijte Kingmaker zato\u010den\u00ed zdarma bez vkladu a u\u017eijte si vzru\u0161uj\u00edc\u00ed automaty bez rizika vlastn\u00edch pen\u011bz. Najd\u011bte aktu\u00e1ln\u00ed nab\u00eddky a za\u010dn\u011bte hr\u00e1t je\u0161t\u011b dnes!\" \/>\n<meta name=\"robots\" content=\"index, follow, max-snippet:-1, max-image-preview:large, max-video-preview:-1\" \/>\n<link rel=\"canonical\" href=\"https:\/\/kingmakercasino.info\/cz\/bonusy\/volne-otocky\/bez-vkladu\/\" \/>\n<meta property=\"og:locale\" content=\"cs_CZ\" \/>\n<meta property=\"og:type\" content=\"article\" \/>\n<meta property=\"og:title\" content=\"Kingmaker zato\u010den\u00ed zdarma bez vkladu | Z\u00edskejte sv\u016fj bonus je\u0161t\u011b dnes\" \/>\n<meta property=\"og:description\" content=\"Vyu\u017eijte Kingmaker zato\u010den\u00ed zdarma bez vkladu a u\u017eijte si vzru\u0161uj\u00edc\u00ed automaty bez rizika vlastn\u00edch pen\u011bz. Najd\u011bte aktu\u00e1ln\u00ed nab\u00eddky a za\u010dn\u011bte hr\u00e1t je\u0161t\u011b dnes!\" \/>\n<meta property=\"og:url\" content=\"https:\/\/kingmakercasino.info\/cz\/bonusy\/volne-otocky\/bez-vkladu\/\" \/>\n<meta property=\"og:site_name\" content=\"Czesh Kingmaker Casino\" \/>\n<meta property=\"article:modified_time\" content=\"2026-03-10T10:03:47+00:00\" \/>\n<meta property=\"og:image\" content=\"https:\/\/kingmakercasino.info\/cz\/wp-content\/uploads\/sites\/6\/2026\/03\/cz-kingmaker-no-deposit-free-spinsfeatured.webp\" \/>\n\t<meta property=\"og:image:width\" content=\"300\" \/>\n\t<meta property=\"og:image:height\" content=\"300\" \/>\n\t<meta property=\"og:image:type\" content=\"image\/webp\" \/>\n<meta name=\"twitter:card\" content=\"summary_large_image\" \/>\n<meta name=\"twitter:label1\" content=\"Odhadovan\u00e1 doba \u010dten\u00ed\" \/>\n\t<meta name=\"twitter:data1\" content=\"1 minuta\" \/>\n<script type=\"application\/ld+json\" class=\"yoast-schema-graph\">{\"@context\":\"https:\/\/schema.org\",\"@graph\":[{\"@type\":\"WebPage\",\"@id\":\"https:\/\/kingmakercasino.info\/cz\/bonusy\/volne-otocky\/bez-vkladu\/\",\"url\":\"https:\/\/kingmakercasino.info\/cz\/bonusy\/volne-otocky\/bez-vkladu\/\",\"name\":\"Kingmaker zato\u010den\u00ed zdarma bez vkladu | Z\u00edskejte sv\u016fj bonus je\u0161t\u011b dnes\",\"isPartOf\":{\"@id\":\"https:\/\/kingmakercasino.info\/cz\/#website\"},\"datePublished\":\"2026-03-10T10:03:46+00:00\",\"dateModified\":\"2026-03-10T10:03:47+00:00\",\"description\":\"Vyu\u017eijte Kingmaker zato\u010den\u00ed zdarma bez vkladu a u\u017eijte si vzru\u0161uj\u00edc\u00ed automaty bez rizika vlastn\u00edch pen\u011bz. Najd\u011bte aktu\u00e1ln\u00ed nab\u00eddky a za\u010dn\u011bte hr\u00e1t je\u0161t\u011b dnes!\",\"breadcrumb\":{\"@id\":\"https:\/\/kingmakercasino.info\/cz\/bonusy\/volne-otocky\/bez-vkladu\/#breadcrumb\"},\"inLanguage\":\"cs\",\"potentialAction\":[{\"@type\":\"ReadAction\",\"target\":[\"https:\/\/kingmakercasino.info\/cz\/bonusy\/volne-otocky\/bez-vkladu\/\"]}]},{\"@type\":\"BreadcrumbList\",\"@id\":\"https:\/\/kingmakercasino.info\/cz\/bonusy\/volne-otocky\/bez-vkladu\/#breadcrumb\",\"itemListElement\":[{\"@type\":\"ListItem\",\"position\":1,\"name\":\"Home\",\"item\":\"https:\/\/kingmakercasino.info\/cz\/\"},{\"@type\":\"ListItem\",\"position\":2,\"name\":\"Kingmaker Casino bonus: Voln\u00e1 zato\u010den\u00ed, cashback &amp; VIP odm\u011bny \u010dekaj\u00ed\",\"item\":\"https:\/\/kingmakercasino.info\/cz\/bonusy\/\"},{\"@type\":\"ListItem\",\"position\":3,\"name\":\"Kingmaker Free Spins\",\"item\":\"https:\/\/kingmakercasino.info\/cz\/bonusy\/volne-otocky\/\"},{\"@type\":\"ListItem\",\"position\":4,\"name\":\"Kingmaker zato\u010den\u00ed zdarma bez vkladu\"}]},{\"@type\":\"WebSite\",\"@id\":\"https:\/\/kingmakercasino.info\/cz\/#website\",\"url\":\"https:\/\/kingmakercasino.info\/cz\/\",\"name\":\"Czesh Kingmaker Casino\",\"description\":\"\",\"potentialAction\":[{\"@type\":\"SearchAction\",\"target\":{\"@type\":\"EntryPoint\",\"urlTemplate\":\"https:\/\/kingmakercasino.info\/cz\/?s={search_term_string}\"},\"query-input\":\"required name=search_term_string\"}],\"inLanguage\":\"cs\"}]}<\/script>\n<!-- \/ Yoast SEO plugin. -->","yoast_head_json":{"title":"Kingmaker zato\u010den\u00ed zdarma bez vkladu | Z\u00edskejte sv\u016fj bonus je\u0161t\u011b dnes","description":"Vyu\u017eijte Kingmaker zato\u010den\u00ed zdarma bez vkladu a u\u017eijte si vzru\u0161uj\u00edc\u00ed automaty bez rizika vlastn\u00edch pen\u011bz. Najd\u011bte aktu\u00e1ln\u00ed nab\u00eddky a za\u010dn\u011bte hr\u00e1t je\u0161t\u011b dnes!","robots":{"index":"index","follow":"follow","max-snippet":"max-snippet:-1","max-image-preview":"max-image-preview:large","max-video-preview":"max-video-preview:-1"},"canonical":"https:\/\/kingmakercasino.info\/cz\/bonusy\/volne-otocky\/bez-vkladu\/","og_locale":"cs_CZ","og_type":"article","og_title":"Kingmaker zato\u010den\u00ed zdarma bez vkladu | Z\u00edskejte sv\u016fj bonus je\u0161t\u011b dnes","og_description":"Vyu\u017eijte Kingmaker zato\u010den\u00ed zdarma bez vkladu a u\u017eijte si vzru\u0161uj\u00edc\u00ed automaty bez rizika vlastn\u00edch pen\u011bz. Najd\u011bte aktu\u00e1ln\u00ed nab\u00eddky a za\u010dn\u011bte hr\u00e1t je\u0161t\u011b dnes!","og_url":"https:\/\/kingmakercasino.info\/cz\/bonusy\/volne-otocky\/bez-vkladu\/","og_site_name":"Czesh Kingmaker Casino","article_modified_time":"2026-03-10T10:03:47+00:00","og_image":[{"width":300,"height":300,"url":"https:\/\/kingmakercasino.info\/cz\/wp-content\/uploads\/sites\/6\/2026\/03\/cz-kingmaker-no-deposit-free-spinsfeatured.webp","type":"image\/webp"}],"twitter_card":"summary_large_image","twitter_misc":{"Odhadovan\u00e1 doba \u010dten\u00ed":"1 minuta"},"schema":{"@context":"https:\/\/schema.org","@graph":[{"@type":"WebPage","@id":"https:\/\/kingmakercasino.info\/cz\/bonusy\/volne-otocky\/bez-vkladu\/","url":"https:\/\/kingmakercasino.info\/cz\/bonusy\/volne-otocky\/bez-vkladu\/","name":"Kingmaker zato\u010den\u00ed zdarma bez vkladu | Z\u00edskejte sv\u016fj bonus je\u0161t\u011b dnes","isPartOf":{"@id":"https:\/\/kingmakercasino.info\/cz\/#website"},"datePublished":"2026-03-10T10:03:46+00:00","dateModified":"2026-03-10T10:03:47+00:00","description":"Vyu\u017eijte Kingmaker zato\u010den\u00ed zdarma bez vkladu a u\u017eijte si vzru\u0161uj\u00edc\u00ed automaty bez rizika vlastn\u00edch pen\u011bz. Najd\u011bte aktu\u00e1ln\u00ed nab\u00eddky a za\u010dn\u011bte hr\u00e1t je\u0161t\u011b dnes!","breadcrumb":{"@id":"https:\/\/kingmakercasino.info\/cz\/bonusy\/volne-otocky\/bez-vkladu\/#breadcrumb"},"inLanguage":"cs","potentialAction":[{"@type":"ReadAction","target":["https:\/\/kingmakercasino.info\/cz\/bonusy\/volne-otocky\/bez-vkladu\/"]}]},{"@type":"BreadcrumbList","@id":"https:\/\/kingmakercasino.info\/cz\/bonusy\/volne-otocky\/bez-vkladu\/#breadcrumb","itemListElement":[{"@type":"ListItem","position":1,"name":"Home","item":"https:\/\/kingmakercasino.info\/cz\/"},{"@type":"ListItem","position":2,"name":"Kingmaker Casino bonus: Voln\u00e1 zato\u010den\u00ed, cashback &amp; VIP odm\u011bny \u010dekaj\u00ed","item":"https:\/\/kingmakercasino.info\/cz\/bonusy\/"},{"@type":"ListItem","position":3,"name":"Kingmaker Free Spins","item":"https:\/\/kingmakercasino.info\/cz\/bonusy\/volne-otocky\/"},{"@type":"ListItem","position":4,"name":"Kingmaker zato\u010den\u00ed zdarma bez vkladu"}]},{"@type":"WebSite","@id":"https:\/\/kingmakercasino.info\/cz\/#website","url":"https:\/\/kingmakercasino.info\/cz\/","name":"Czesh Kingmaker Casino","description":"","potentialAction":[{"@type":"SearchAction","target":{"@type":"EntryPoint","urlTemplate":"https:\/\/kingmakercasino.info\/cz\/?s={search_term_string}"},"query-input":"required name=search_term_string"}],"inLanguage":"cs"}]}},"_links":{"self":[{"href":"https:\/\/kingmakercasino.info\/cz\/wp-json\/wp\/v2\/pages\/35"}],"collection":[{"href":"https:\/\/kingmakercasino.info\/cz\/wp-json\/wp\/v2\/pages"}],"about":[{"href":"https:\/\/kingmakercasino.info\/cz\/wp-json\/wp\/v2\/types\/page"}],"author":[{"embeddable":true,"href":"https:\/\/kingmakercasino.info\/cz\/wp-json\/wp\/v2\/users\/1"}],"replies":[{"embeddable":true,"href":"https:\/\/kingmakercasino.info\/cz\/wp-json\/wp\/v2\/comments?post=35"}],"version-history":[{"count":1,"href":"https:\/\/kingmakercasino.info\/cz\/wp-json\/wp\/v2\/pages\/35\/revisions"}],"predecessor-version":[{"id":42,"href":"https:\/\/kingmakercasino.info\/cz\/wp-json\/wp\/v2\/pages\/35\/revisions\/42"}],"up":[{"embeddable":true,"href":"https:\/\/kingmakercasino.info\/cz\/wp-json\/wp\/v2\/pages\/30"}],"wp:featuredmedia":[{"embeddable":true,"href":"https:\/\/kingmakercasino.info\/cz\/wp-json\/wp\/v2\/media\/36"}],"wp:attachment":[{"href":"https:\/\/kingmakercasino.info\/cz\/wp-json\/wp\/v2\/media?parent=35"}],"curies":[{"name":"wp","href":"https:\/\/api.w.org\/{rel}","templated":true}]}}