{"id":30,"date":"2026-03-10T09:53:54","date_gmt":"2026-03-10T09:53:54","guid":{"rendered":"https:\/\/kingmakercasino.info\/cz\/?page_id=30"},"modified":"2026-03-10T09:53:54","modified_gmt":"2026-03-10T09:53:54","slug":"volne-otocky","status":"publish","type":"page","link":"https:\/\/kingmakercasino.info\/cz\/bonusy\/volne-otocky\/","title":{"rendered":"Kingmaker Free Spins"},"content":{"rendered":"","protected":false},"excerpt":{"rendered":"","protected":false},"author":1,"featured_media":31,"parent":17,"menu_order":0,"comment_status":"closed","ping_status":"closed","template":"","meta":{"_acf_changed":false,"footnotes":""},"acf":[],"yoast_head":"<!-- This site is optimized with the Yoast SEO plugin v22.0 - https:\/\/yoast.com\/wordpress\/plugins\/seo\/ -->\n<title>Kingmaker Free Spiny | Z\u00edskejte stovky FS ka\u017ed\u00fd t\u00fdden<\/title>\n<meta name=\"description\" content=\"Z\u00edskejte stovky Kingmaker free spin\u016f a u\u017eijte si vzru\u0161uj\u00edc\u00ed online automaty! Prozkoumejte aktu\u00e1ln\u00ed nab\u00eddky, promo k\u00f3dy, po\u017eadavky na s\u00e1zen\u00ed a dal\u0161\u00ed.\" \/>\n<meta name=\"robots\" content=\"index, follow, max-snippet:-1, max-image-preview:large, max-video-preview:-1\" \/>\n<link rel=\"canonical\" href=\"https:\/\/kingmakercasino.info\/cz\/bonusy\/volne-otocky\/\" \/>\n<meta property=\"og:locale\" content=\"cs_CZ\" \/>\n<meta property=\"og:type\" content=\"article\" \/>\n<meta property=\"og:title\" content=\"Kingmaker Free Spiny | Z\u00edskejte stovky FS ka\u017ed\u00fd t\u00fdden\" \/>\n<meta property=\"og:description\" content=\"Z\u00edskejte stovky Kingmaker free spin\u016f a u\u017eijte si vzru\u0161uj\u00edc\u00ed online automaty! Prozkoumejte aktu\u00e1ln\u00ed nab\u00eddky, promo k\u00f3dy, po\u017eadavky na s\u00e1zen\u00ed a dal\u0161\u00ed.\" \/>\n<meta property=\"og:url\" content=\"https:\/\/kingmakercasino.info\/cz\/bonusy\/volne-otocky\/\" \/>\n<meta property=\"og:site_name\" content=\"Czesh Kingmaker Casino\" \/>\n<meta property=\"og:image\" content=\"https:\/\/kingmakercasino.info\/cz\/wp-content\/uploads\/sites\/6\/2026\/03\/cz-kingmaker-free-spins-featured.webp\" \/>\n\t<meta property=\"og:image:width\" content=\"300\" \/>\n\t<meta property=\"og:image:height\" content=\"300\" \/>\n\t<meta property=\"og:image:type\" content=\"image\/webp\" \/>\n<meta name=\"twitter:card\" content=\"summary_large_image\" \/>\n<meta name=\"twitter:label1\" content=\"Odhadovan\u00e1 doba \u010dten\u00ed\" \/>\n\t<meta name=\"twitter:data1\" content=\"1 minuta\" \/>\n<script type=\"application\/ld+json\" class=\"yoast-schema-graph\">{\"@context\":\"https:\/\/schema.org\",\"@graph\":[{\"@type\":\"WebPage\",\"@id\":\"https:\/\/kingmakercasino.info\/cz\/bonusy\/volne-otocky\/\",\"url\":\"https:\/\/kingmakercasino.info\/cz\/bonusy\/volne-otocky\/\",\"name\":\"Kingmaker Free Spiny | Z\u00edskejte stovky FS ka\u017ed\u00fd t\u00fdden\",\"isPartOf\":{\"@id\":\"https:\/\/kingmakercasino.info\/cz\/#website\"},\"datePublished\":\"2026-03-10T09:53:54+00:00\",\"dateModified\":\"2026-03-10T09:53:54+00:00\",\"description\":\"Z\u00edskejte stovky Kingmaker free spin\u016f a u\u017eijte si vzru\u0161uj\u00edc\u00ed online automaty! Prozkoumejte aktu\u00e1ln\u00ed nab\u00eddky, promo k\u00f3dy, po\u017eadavky na s\u00e1zen\u00ed a dal\u0161\u00ed.\",\"breadcrumb\":{\"@id\":\"https:\/\/kingmakercasino.info\/cz\/bonusy\/volne-otocky\/#breadcrumb\"},\"inLanguage\":\"cs\",\"potentialAction\":[{\"@type\":\"ReadAction\",\"target\":[\"https:\/\/kingmakercasino.info\/cz\/bonusy\/volne-otocky\/\"]}]},{\"@type\":\"BreadcrumbList\",\"@id\":\"https:\/\/kingmakercasino.info\/cz\/bonusy\/volne-otocky\/#breadcrumb\",\"itemListElement\":[{\"@type\":\"ListItem\",\"position\":1,\"name\":\"Home\",\"item\":\"https:\/\/kingmakercasino.info\/cz\/\"},{\"@type\":\"ListItem\",\"position\":2,\"name\":\"Kingmaker Casino bonus: Voln\u00e1 zato\u010den\u00ed, cashback &amp; VIP odm\u011bny \u010dekaj\u00ed\",\"item\":\"https:\/\/kingmakercasino.info\/cz\/bonusy\/\"},{\"@type\":\"ListItem\",\"position\":3,\"name\":\"Kingmaker Free Spins\"}]},{\"@type\":\"WebSite\",\"@id\":\"https:\/\/kingmakercasino.info\/cz\/#website\",\"url\":\"https:\/\/kingmakercasino.info\/cz\/\",\"name\":\"Czesh Kingmaker Casino\",\"description\":\"\",\"potentialAction\":[{\"@type\":\"SearchAction\",\"target\":{\"@type\":\"EntryPoint\",\"urlTemplate\":\"https:\/\/kingmakercasino.info\/cz\/?s={search_term_string}\"},\"query-input\":\"required name=search_term_string\"}],\"inLanguage\":\"cs\"}]}<\/script>\n<!-- \/ Yoast SEO plugin. -->","yoast_head_json":{"title":"Kingmaker Free Spiny | Z\u00edskejte stovky FS ka\u017ed\u00fd t\u00fdden","description":"Z\u00edskejte stovky Kingmaker free spin\u016f a u\u017eijte si vzru\u0161uj\u00edc\u00ed online automaty! Prozkoumejte aktu\u00e1ln\u00ed nab\u00eddky, promo k\u00f3dy, po\u017eadavky na s\u00e1zen\u00ed a dal\u0161\u00ed.","robots":{"index":"index","follow":"follow","max-snippet":"max-snippet:-1","max-image-preview":"max-image-preview:large","max-video-preview":"max-video-preview:-1"},"canonical":"https:\/\/kingmakercasino.info\/cz\/bonusy\/volne-otocky\/","og_locale":"cs_CZ","og_type":"article","og_title":"Kingmaker Free Spiny | Z\u00edskejte stovky FS ka\u017ed\u00fd t\u00fdden","og_description":"Z\u00edskejte stovky Kingmaker free spin\u016f a u\u017eijte si vzru\u0161uj\u00edc\u00ed online automaty! Prozkoumejte aktu\u00e1ln\u00ed nab\u00eddky, promo k\u00f3dy, po\u017eadavky na s\u00e1zen\u00ed a dal\u0161\u00ed.","og_url":"https:\/\/kingmakercasino.info\/cz\/bonusy\/volne-otocky\/","og_site_name":"Czesh Kingmaker Casino","og_image":[{"width":300,"height":300,"url":"https:\/\/kingmakercasino.info\/cz\/wp-content\/uploads\/sites\/6\/2026\/03\/cz-kingmaker-free-spins-featured.webp","type":"image\/webp"}],"twitter_card":"summary_large_image","twitter_misc":{"Odhadovan\u00e1 doba \u010dten\u00ed":"1 minuta"},"schema":{"@context":"https:\/\/schema.org","@graph":[{"@type":"WebPage","@id":"https:\/\/kingmakercasino.info\/cz\/bonusy\/volne-otocky\/","url":"https:\/\/kingmakercasino.info\/cz\/bonusy\/volne-otocky\/","name":"Kingmaker Free Spiny | Z\u00edskejte stovky FS ka\u017ed\u00fd t\u00fdden","isPartOf":{"@id":"https:\/\/kingmakercasino.info\/cz\/#website"},"datePublished":"2026-03-10T09:53:54+00:00","dateModified":"2026-03-10T09:53:54+00:00","description":"Z\u00edskejte stovky Kingmaker free spin\u016f a u\u017eijte si vzru\u0161uj\u00edc\u00ed online automaty! Prozkoumejte aktu\u00e1ln\u00ed nab\u00eddky, promo k\u00f3dy, po\u017eadavky na s\u00e1zen\u00ed a dal\u0161\u00ed.","breadcrumb":{"@id":"https:\/\/kingmakercasino.info\/cz\/bonusy\/volne-otocky\/#breadcrumb"},"inLanguage":"cs","potentialAction":[{"@type":"ReadAction","target":["https:\/\/kingmakercasino.info\/cz\/bonusy\/volne-otocky\/"]}]},{"@type":"BreadcrumbList","@id":"https:\/\/kingmakercasino.info\/cz\/bonusy\/volne-otocky\/#breadcrumb","itemListElement":[{"@type":"ListItem","position":1,"name":"Home","item":"https:\/\/kingmakercasino.info\/cz\/"},{"@type":"ListItem","position":2,"name":"Kingmaker Casino bonus: Voln\u00e1 zato\u010den\u00ed, cashback &amp; VIP odm\u011bny \u010dekaj\u00ed","item":"https:\/\/kingmakercasino.info\/cz\/bonusy\/"},{"@type":"ListItem","position":3,"name":"Kingmaker Free Spins"}]},{"@type":"WebSite","@id":"https:\/\/kingmakercasino.info\/cz\/#website","url":"https:\/\/kingmakercasino.info\/cz\/","name":"Czesh Kingmaker Casino","description":"","potentialAction":[{"@type":"SearchAction","target":{"@type":"EntryPoint","urlTemplate":"https:\/\/kingmakercasino.info\/cz\/?s={search_term_string}"},"query-input":"required name=search_term_string"}],"inLanguage":"cs"}]}},"_links":{"self":[{"href":"https:\/\/kingmakercasino.info\/cz\/wp-json\/wp\/v2\/pages\/30"}],"collection":[{"href":"https:\/\/kingmakercasino.info\/cz\/wp-json\/wp\/v2\/pages"}],"about":[{"href":"https:\/\/kingmakercasino.info\/cz\/wp-json\/wp\/v2\/types\/page"}],"author":[{"embeddable":true,"href":"https:\/\/kingmakercasino.info\/cz\/wp-json\/wp\/v2\/users\/1"}],"replies":[{"embeddable":true,"href":"https:\/\/kingmakercasino.info\/cz\/wp-json\/wp\/v2\/comments?post=30"}],"version-history":[{"count":1,"href":"https:\/\/kingmakercasino.info\/cz\/wp-json\/wp\/v2\/pages\/30\/revisions"}],"predecessor-version":[{"id":34,"href":"https:\/\/kingmakercasino.info\/cz\/wp-json\/wp\/v2\/pages\/30\/revisions\/34"}],"up":[{"embeddable":true,"href":"https:\/\/kingmakercasino.info\/cz\/wp-json\/wp\/v2\/pages\/17"}],"wp:featuredmedia":[{"embeddable":true,"href":"https:\/\/kingmakercasino.info\/cz\/wp-json\/wp\/v2\/media\/31"}],"wp:attachment":[{"href":"https:\/\/kingmakercasino.info\/cz\/wp-json\/wp\/v2\/media?parent=30"}],"curies":[{"name":"wp","href":"https:\/\/api.w.org\/{rel}","templated":true}]}}