{"id":17,"date":"2026-03-10T09:39:07","date_gmt":"2026-03-10T09:39:07","guid":{"rendered":"https:\/\/kingmakercasino.info\/cz\/?page_id=17"},"modified":"2026-03-10T09:39:08","modified_gmt":"2026-03-10T09:39:08","slug":"bonusy","status":"publish","type":"page","link":"https:\/\/kingmakercasino.info\/cz\/bonusy\/","title":{"rendered":"Kingmaker Casino bonus: Voln\u00e1 zato\u010den\u00ed, cashback &amp; VIP odm\u011bny \u010dekaj\u00ed"},"content":{"rendered":"","protected":false},"excerpt":{"rendered":"","protected":false},"author":1,"featured_media":18,"parent":0,"menu_order":0,"comment_status":"closed","ping_status":"closed","template":"","meta":{"_acf_changed":false,"footnotes":""},"acf":[],"yoast_head":"<!-- This site is optimized with the Yoast SEO plugin v22.0 - https:\/\/yoast.com\/wordpress\/plugins\/seo\/ -->\n<title>Kingmaker Casino bonus | 500 \u20ac uv\u00edtac\u00ed bonus + 25 FS &amp; cashback<\/title>\n<meta name=\"description\" content=\"Z\u00edskejte Kingmaker bonusy, v\u010detn\u011b uv\u00edtac\u00edho bonusu 500 \u20ac + 25 voln\u00fdch zato\u010den\u00ed, t\u00fddenn\u00edch reload\u016f, cashbacku a\u017e 3 000 \u20ac a VIP odm\u011bn.\" \/>\n<meta name=\"robots\" content=\"index, follow, max-snippet:-1, max-image-preview:large, max-video-preview:-1\" \/>\n<link rel=\"canonical\" href=\"https:\/\/kingmakercasino.info\/cz\/bonusy\/\" \/>\n<meta property=\"og:locale\" content=\"cs_CZ\" \/>\n<meta property=\"og:type\" content=\"article\" \/>\n<meta property=\"og:title\" content=\"Kingmaker Casino bonus | 500 \u20ac uv\u00edtac\u00ed bonus + 25 FS &amp; cashback\" \/>\n<meta property=\"og:description\" content=\"Z\u00edskejte Kingmaker bonusy, v\u010detn\u011b uv\u00edtac\u00edho bonusu 500 \u20ac + 25 voln\u00fdch zato\u010den\u00ed, t\u00fddenn\u00edch reload\u016f, cashbacku a\u017e 3 000 \u20ac a VIP odm\u011bn.\" \/>\n<meta property=\"og:url\" content=\"https:\/\/kingmakercasino.info\/cz\/bonusy\/\" \/>\n<meta property=\"og:site_name\" content=\"Czesh Kingmaker Casino\" \/>\n<meta property=\"article:modified_time\" content=\"2026-03-10T09:39:08+00:00\" \/>\n<meta property=\"og:image\" content=\"https:\/\/kingmakercasino.info\/cz\/wp-content\/uploads\/sites\/6\/2026\/03\/cz-kingmaker-bonus-featured.webp\" \/>\n\t<meta property=\"og:image:width\" content=\"300\" \/>\n\t<meta property=\"og:image:height\" content=\"300\" \/>\n\t<meta property=\"og:image:type\" content=\"image\/webp\" \/>\n<meta name=\"twitter:card\" content=\"summary_large_image\" \/>\n<meta name=\"twitter:label1\" content=\"Odhadovan\u00e1 doba \u010dten\u00ed\" \/>\n\t<meta name=\"twitter:data1\" content=\"1 minuta\" \/>\n<script type=\"application\/ld+json\" class=\"yoast-schema-graph\">{\"@context\":\"https:\/\/schema.org\",\"@graph\":[{\"@type\":\"WebPage\",\"@id\":\"https:\/\/kingmakercasino.info\/cz\/bonusy\/\",\"url\":\"https:\/\/kingmakercasino.info\/cz\/bonusy\/\",\"name\":\"Kingmaker Casino bonus | 500 \u20ac uv\u00edtac\u00ed bonus + 25 FS & cashback\",\"isPartOf\":{\"@id\":\"https:\/\/kingmakercasino.info\/cz\/#website\"},\"datePublished\":\"2026-03-10T09:39:07+00:00\",\"dateModified\":\"2026-03-10T09:39:08+00:00\",\"description\":\"Z\u00edskejte Kingmaker bonusy, v\u010detn\u011b uv\u00edtac\u00edho bonusu 500 \u20ac + 25 voln\u00fdch zato\u010den\u00ed, t\u00fddenn\u00edch reload\u016f, cashbacku a\u017e 3 000 \u20ac a VIP odm\u011bn.\",\"breadcrumb\":{\"@id\":\"https:\/\/kingmakercasino.info\/cz\/bonusy\/#breadcrumb\"},\"inLanguage\":\"cs\",\"potentialAction\":[{\"@type\":\"ReadAction\",\"target\":[\"https:\/\/kingmakercasino.info\/cz\/bonusy\/\"]}]},{\"@type\":\"BreadcrumbList\",\"@id\":\"https:\/\/kingmakercasino.info\/cz\/bonusy\/#breadcrumb\",\"itemListElement\":[{\"@type\":\"ListItem\",\"position\":1,\"name\":\"Home\",\"item\":\"https:\/\/kingmakercasino.info\/cz\/\"},{\"@type\":\"ListItem\",\"position\":2,\"name\":\"Kingmaker Casino bonus: Voln\u00e1 zato\u010den\u00ed, cashback &amp; VIP odm\u011bny \u010dekaj\u00ed\"}]},{\"@type\":\"WebSite\",\"@id\":\"https:\/\/kingmakercasino.info\/cz\/#website\",\"url\":\"https:\/\/kingmakercasino.info\/cz\/\",\"name\":\"Czesh Kingmaker Casino\",\"description\":\"\",\"potentialAction\":[{\"@type\":\"SearchAction\",\"target\":{\"@type\":\"EntryPoint\",\"urlTemplate\":\"https:\/\/kingmakercasino.info\/cz\/?s={search_term_string}\"},\"query-input\":\"required name=search_term_string\"}],\"inLanguage\":\"cs\"}]}<\/script>\n<!-- \/ Yoast SEO plugin. -->","yoast_head_json":{"title":"Kingmaker Casino bonus | 500 \u20ac uv\u00edtac\u00ed bonus + 25 FS & cashback","description":"Z\u00edskejte Kingmaker bonusy, v\u010detn\u011b uv\u00edtac\u00edho bonusu 500 \u20ac + 25 voln\u00fdch zato\u010den\u00ed, t\u00fddenn\u00edch reload\u016f, cashbacku a\u017e 3 000 \u20ac a VIP odm\u011bn.","robots":{"index":"index","follow":"follow","max-snippet":"max-snippet:-1","max-image-preview":"max-image-preview:large","max-video-preview":"max-video-preview:-1"},"canonical":"https:\/\/kingmakercasino.info\/cz\/bonusy\/","og_locale":"cs_CZ","og_type":"article","og_title":"Kingmaker Casino bonus | 500 \u20ac uv\u00edtac\u00ed bonus + 25 FS & cashback","og_description":"Z\u00edskejte Kingmaker bonusy, v\u010detn\u011b uv\u00edtac\u00edho bonusu 500 \u20ac + 25 voln\u00fdch zato\u010den\u00ed, t\u00fddenn\u00edch reload\u016f, cashbacku a\u017e 3 000 \u20ac a VIP odm\u011bn.","og_url":"https:\/\/kingmakercasino.info\/cz\/bonusy\/","og_site_name":"Czesh Kingmaker Casino","article_modified_time":"2026-03-10T09:39:08+00:00","og_image":[{"width":300,"height":300,"url":"https:\/\/kingmakercasino.info\/cz\/wp-content\/uploads\/sites\/6\/2026\/03\/cz-kingmaker-bonus-featured.webp","type":"image\/webp"}],"twitter_card":"summary_large_image","twitter_misc":{"Odhadovan\u00e1 doba \u010dten\u00ed":"1 minuta"},"schema":{"@context":"https:\/\/schema.org","@graph":[{"@type":"WebPage","@id":"https:\/\/kingmakercasino.info\/cz\/bonusy\/","url":"https:\/\/kingmakercasino.info\/cz\/bonusy\/","name":"Kingmaker Casino bonus | 500 \u20ac uv\u00edtac\u00ed bonus + 25 FS & cashback","isPartOf":{"@id":"https:\/\/kingmakercasino.info\/cz\/#website"},"datePublished":"2026-03-10T09:39:07+00:00","dateModified":"2026-03-10T09:39:08+00:00","description":"Z\u00edskejte Kingmaker bonusy, v\u010detn\u011b uv\u00edtac\u00edho bonusu 500 \u20ac + 25 voln\u00fdch zato\u010den\u00ed, t\u00fddenn\u00edch reload\u016f, cashbacku a\u017e 3 000 \u20ac a VIP odm\u011bn.","breadcrumb":{"@id":"https:\/\/kingmakercasino.info\/cz\/bonusy\/#breadcrumb"},"inLanguage":"cs","potentialAction":[{"@type":"ReadAction","target":["https:\/\/kingmakercasino.info\/cz\/bonusy\/"]}]},{"@type":"BreadcrumbList","@id":"https:\/\/kingmakercasino.info\/cz\/bonusy\/#breadcrumb","itemListElement":[{"@type":"ListItem","position":1,"name":"Home","item":"https:\/\/kingmakercasino.info\/cz\/"},{"@type":"ListItem","position":2,"name":"Kingmaker Casino bonus: Voln\u00e1 zato\u010den\u00ed, cashback &amp; VIP odm\u011bny \u010dekaj\u00ed"}]},{"@type":"WebSite","@id":"https:\/\/kingmakercasino.info\/cz\/#website","url":"https:\/\/kingmakercasino.info\/cz\/","name":"Czesh Kingmaker Casino","description":"","potentialAction":[{"@type":"SearchAction","target":{"@type":"EntryPoint","urlTemplate":"https:\/\/kingmakercasino.info\/cz\/?s={search_term_string}"},"query-input":"required name=search_term_string"}],"inLanguage":"cs"}]}},"_links":{"self":[{"href":"https:\/\/kingmakercasino.info\/cz\/wp-json\/wp\/v2\/pages\/17"}],"collection":[{"href":"https:\/\/kingmakercasino.info\/cz\/wp-json\/wp\/v2\/pages"}],"about":[{"href":"https:\/\/kingmakercasino.info\/cz\/wp-json\/wp\/v2\/types\/page"}],"author":[{"embeddable":true,"href":"https:\/\/kingmakercasino.info\/cz\/wp-json\/wp\/v2\/users\/1"}],"replies":[{"embeddable":true,"href":"https:\/\/kingmakercasino.info\/cz\/wp-json\/wp\/v2\/comments?post=17"}],"version-history":[{"count":2,"href":"https:\/\/kingmakercasino.info\/cz\/wp-json\/wp\/v2\/pages\/17\/revisions"}],"predecessor-version":[{"id":25,"href":"https:\/\/kingmakercasino.info\/cz\/wp-json\/wp\/v2\/pages\/17\/revisions\/25"}],"wp:featuredmedia":[{"embeddable":true,"href":"https:\/\/kingmakercasino.info\/cz\/wp-json\/wp\/v2\/media\/18"}],"wp:attachment":[{"href":"https:\/\/kingmakercasino.info\/cz\/wp-json\/wp\/v2\/media?parent=17"}],"curies":[{"name":"wp","href":"https:\/\/api.w.org\/{rel}","templated":true}]}}